{"id":42,"date":"2019-11-30T17:42:37","date_gmt":"2019-11-30T16:42:37","guid":{"rendered":"http:\/\/www.missionfinance.fr\/?page_id=42"},"modified":"2023-06-07T16:34:13","modified_gmt":"2023-06-07T14:34:13","slug":"powerbi-vannes","status":"publish","type":"page","link":"https:\/\/www.missionfinance.fr\/index.php\/power-bi\/powerbi-vannes\/","title":{"rendered":"Services"},"content":{"rendered":"<h1 style=\"text-align: center;\"><span style=\"color: #0000ff;\"><strong>Gagnez un temps pr\u00e9cieux dans l\u2019analyse de vos r\u00e9sultats avec Mission Finance et Power BI Vannes<\/strong><br \/><\/span><\/h1>\r\n<p>&nbsp;<\/p>\r\n<p>&nbsp;<\/p>\r\n<ul>\r\n<li>\r\n<h2><strong>Mission :<\/strong><\/h2>\r\nMISSION FINANCE \u00e0 Vannes et Lorient r\u00e9alise vos tableaux de bords &amp; reporting\u00a0 <a href=\"http:\/\/www.missionfinance.fr\/index.php\/power-bi-ventes\/\">commerciaux<\/a> et<a href=\"http:\/\/www.missionfinance.fr\/index.php\/home\/power-bi-reporting\/\"> financiers<\/a> avec POWER BI de Microsoft. Nous vous aidons \u00e0 piloter efficacement vos activit\u00e9s \u00e0 un co\u00fbt raisonnable et \u00e0 communiquer une information\u00a0 fiable, coh\u00e9rente et actualis\u00e9es \u00e0 vos \u00e9quipes via le WEB<\/li>\r\n<\/ul>\r\n<p>&nbsp;<\/p>\r\n<ul>\r\n<li>\r\n<h2><strong>Prestations<\/strong> :<\/h2>\r\n<ul>\r\n<li>Mission Finance r\u00e9alise vos projets au temps pass\u00e9 ou au forfait<\/li>\r\n<li>Ensuite, nous vous accompagnons dans le d\u00e9ploiement avec une approche personnalis\u00e9e de proximit\u00e9<\/li>\r\n<li>et enfin nous organisons la formation de vos \u00e9quipes \u00e0 Power BI<\/li>\r\n<\/ul>\r\n<\/li>\r\n<\/ul>\r\n<p>&nbsp;<\/p>\r\n<ul>\r\n<li>\r\n<h2><strong>Une d\u00e9marche en trois \u00e9tapes\u00a0 <\/strong><\/h2>\r\n<ul>\r\n<li>\r\n<h6><a href=\"http:\/\/www.missionfinance.fr\/index.php\/power-bi-kpi\/\">Nous d\u00e9finissons vos Indicateurs Cl\u00e9s (KPI)<\/a><\/h6>\r\n<\/li>\r\n<li>\r\n<h6><a href=\"http:\/\/www.missionfinance.fr\/index.php\/power-bi-lorient\/\">ensuite, nous prenons en charge la r\u00e9alisation des tableaux de bord<\/a><\/h6>\r\n<\/li>\r\n<li>\r\n<h6><a href=\"http:\/\/www.missionfinance.fr\/index.php\/power-bi-service\/\">et enfin, nous organisons la diffusion de l&rsquo;information en interne<\/a><\/h6>\r\n<\/li>\r\n<\/ul>\r\n<\/li>\r\n<\/ul>\r\n<p>&nbsp;<\/p>\r\n<ul>\r\n<li>\r\n<h2><strong>Qui dirige Mission Finance power BI Vannes:<br \/><\/strong><\/h2>\r\n<ul>\r\n<li>\r\n<p>Fran\u00e7ois Bertazzo,\u00a0 fondateur de Mission Finance a une exp\u00e9rience de 25 ans en contr\u00f4le de gestion et direction financi\u00e8re chez SAINT GOBAIN et SOCOTEC<\/p>\r\n<\/li>\r\n<li>\r\n<p><strong><a href=\"http:\/\/www.missionfinance.fr\/index.php\/power-bi-clients\/\">R\u00e9f\u00e9rence<\/a><\/strong><strong><a href=\"http:\/\/www.missionfinance.fr\/index.php\/references-client\/\">s\u00a0<\/a><\/strong><\/p>\r\n<\/li>\r\n<li>Voyez mes r\u00e9alisations et d\u00e9mos. interactives :\r\n<ul>\r\n<li>sujet <a href=\"http:\/\/www.missionfinance.fr\/index.php\/power-bi-ventes\">commercial<\/a>, <a href=\"http:\/\/www.missionfinance.fr\/index.php\/power-bi-reporting\/\">financier,<\/a> <a href=\"http:\/\/www.missionfinance.fr\/index.php\/home\/cartes-geo\/\">cartes g\u00e9ographiques<\/a><\/li>\r\n<\/ul>\r\n<\/li>\r\n<li>Adresse : <strong>Mission Finance :<\/strong> 175 rue J. Lorcy Saint Quidy 56500 La Chapelle Neuve\u00a0\u00a0\u00a0\u00a0 SIRET :\u00a0 518 921 242 00021\u00a0<\/li>\r\n<li>Contact : <a href=\"mailto:francois.bertazzo@missionfinance.fr\"><strong>francois.bertazzo@missionfinance.fr<\/strong><\/a><\/li>\r\n<\/ul>\r\n<\/li>\r\n<\/ul>\r\n<p>&nbsp;<\/p>\r\n<ul>\r\n<li>\r\n<h2><strong>Qualificati<\/strong><strong>ons POWER BI\u00a0 de Francois Bertazzo :<\/strong><\/h2>\r\n<ul>\r\n<li>\r\n<p>Ci-dessous, vous pouvez lire ma certification re\u00e7ue de <a href=\"https:\/\/enterprisedna.co\/\" target=\"_blank\" rel=\"noopener noreferrer\">EnterpriseD<\/a><a href=\"https:\/\/enterprisedna.co\/\" target=\"_blank\" rel=\"noopener noreferrer\">NA <\/a>en 2020 :<a href=\"https:\/\/enterprisedna.co\/\" target=\"_blank\" rel=\"noopener noreferrer\"><br \/><\/a><\/p>\r\n<\/li>\r\n<\/ul>\r\n<\/li>\r\n<\/ul>\r\n<h6><img decoding=\"async\" loading=\"lazy\" class=\"alignnone wp-image-564\" src=\"http:\/\/www.missionfinance.fr\/wp-content\/uploads\/2020\/06\/Francois-Bertazzo-Enterprise-DNA-Certification-1-page-001-scaled.jpg\" alt=\"Certificat Enerprise DNA Power BI Vannes Lorient Mission Finance Bretagne reporting\" width=\"684\" height=\"385\" srcset=\"https:\/\/www.missionfinance.fr\/wp-content\/uploads\/2020\/06\/Francois-Bertazzo-Enterprise-DNA-Certification-1-page-001-scaled.jpg 2560w, https:\/\/www.missionfinance.fr\/wp-content\/uploads\/2020\/06\/Francois-Bertazzo-Enterprise-DNA-Certification-1-page-001-300x169.jpg 300w, https:\/\/www.missionfinance.fr\/wp-content\/uploads\/2020\/06\/Francois-Bertazzo-Enterprise-DNA-Certification-1-page-001-1024x576.jpg 1024w, https:\/\/www.missionfinance.fr\/wp-content\/uploads\/2020\/06\/Francois-Bertazzo-Enterprise-DNA-Certification-1-page-001-768x432.jpg 768w, https:\/\/www.missionfinance.fr\/wp-content\/uploads\/2020\/06\/Francois-Bertazzo-Enterprise-DNA-Certification-1-page-001-1536x864.jpg 1536w, https:\/\/www.missionfinance.fr\/wp-content\/uploads\/2020\/06\/Francois-Bertazzo-Enterprise-DNA-Certification-1-page-001-2048x1152.jpg 2048w\" sizes=\"(max-width: 684px) 100vw, 684px\" \/><\/h6>\r\n<p>&nbsp;<\/p>\r\n<p>&nbsp;<\/p>\r\n<p>&nbsp;<\/p>\r\n<ul>\r\n<li style=\"list-style-type: none;\">\r\n<ul>\r\n<li>Pr\u00e9c\u00e9demment, j&rsquo;ai pass\u00e9 un Examen\u00a0 en 2017\u00a0 aupr\u00e8s de <a href=\"https:\/\/www.edx.org\/\" target=\"_blank\" rel=\"noopener noreferrer\">EDX<\/a>, organisme de formation affili\u00e9 \u00e0 MICROSOFT.<\/li>\r\n<\/ul>\r\n<\/li>\r\n<\/ul>\r\n<p>&nbsp;<\/p>\r\n<h6><\/h6>\r\n<h6 class=\"wp-block-image is-resized\"><img decoding=\"async\" loading=\"lazy\" class=\"alignnone wp-image-23\" src=\"http:\/\/www.missionfinance.fr\/wp-content\/uploads\/2019\/11\/CertificatDAT207xJPEG-1024x745.jpg\" alt=\"Mission FINANCE Certificat Microsoft d\u00e9livr\u00e9 par EDX Power BI Vannes Lorient\" width=\"692\" height=\"504\" srcset=\"https:\/\/www.missionfinance.fr\/wp-content\/uploads\/2019\/11\/CertificatDAT207xJPEG-1024x745.jpg 1024w, https:\/\/www.missionfinance.fr\/wp-content\/uploads\/2019\/11\/CertificatDAT207xJPEG-300x218.jpg 300w, https:\/\/www.missionfinance.fr\/wp-content\/uploads\/2019\/11\/CertificatDAT207xJPEG-768x558.jpg 768w\" sizes=\"(max-width: 692px) 100vw, 692px\" \/><\/h6>\r\n<h6>\u00a0<\/h6>\r\n<h6><a href=\"http:\/\/www.missionfinance.fr\/\">Retour \u00e0 la page d&rsquo;accueil<\/a><\/h6>\r\n<h6><\/h6>\r\n<h6>\u00a0<\/h6>","protected":false},"excerpt":{"rendered":"<p>Gagnez un temps pr\u00e9cieux dans l\u2019analyse de vos r\u00e9sultats avec Mission Finance et Power BI Vannes &nbsp; &nbsp; Mission : MISSION FINANCE \u00e0 Vannes et Lorient r\u00e9alise vos tableaux de bords &amp; reporting\u00a0 commerciaux et financiers avec POWER BI de Microsoft. Nous vous aidons \u00e0 piloter efficacement vos activit\u00e9s \u00e0 un co\u00fbt raisonnable et \u00e0 [&hellip;]<\/p>\n","protected":false},"author":1,"featured_media":0,"parent":59,"menu_order":0,"comment_status":"closed","ping_status":"closed","template":"","meta":[],"yoast_head":"<!-- This site is optimized with the Yoast SEO plugin v20.10 - https:\/\/yoast.com\/wordpress\/plugins\/seo\/ -->\n<title>Mission Finance - Services - reporting - Power BI Vannes - Lorient<\/title>\n<meta name=\"description\" content=\"MISSION FINANCE Power BI Vannes r\u00e9alise vos tableaux de bords &amp; reporting avec POWER BI de Microsoft et vous aide \u00e0 piloter efficacement vos activit\u00e9s\" \/>\n<meta name=\"robots\" content=\"index, follow, max-snippet:-1, max-image-preview:large, max-video-preview:-1\" \/>\n<link rel=\"canonical\" href=\"https:\/\/www.missionfinance.fr\/index.php\/home\/powerbi-vannes\/\" \/>\n<meta property=\"og:locale\" content=\"fr_FR\" \/>\n<meta property=\"og:type\" content=\"article\" \/>\n<meta property=\"og:title\" content=\"Mission Finance - Services - reporting - Power BI Vannes - Lorient\" \/>\n<meta property=\"og:description\" content=\"MISSION FINANCE Power BI Vannes r\u00e9alise vos tableaux de bords &amp; reporting avec POWER BI de Microsoft et vous aide \u00e0 piloter efficacement vos activit\u00e9s\" \/>\n<meta property=\"og:url\" content=\"https:\/\/www.missionfinance.fr\/index.php\/home\/powerbi-vannes\/\" \/>\n<meta property=\"og:site_name\" content=\"Mission Finance\" \/>\n<meta property=\"article:modified_time\" content=\"2023-06-07T14:34:13+00:00\" \/>\n<meta property=\"og:image\" content=\"http:\/\/www.missionfinance.fr\/wp-content\/uploads\/2020\/06\/Francois-Bertazzo-Enterprise-DNA-Certification-1-page-001-scaled.jpg\" \/>\n<meta name=\"twitter:card\" content=\"summary_large_image\" \/>\n<meta name=\"twitter:label1\" content=\"Dur\u00e9e de lecture estim\u00e9e\" \/>\n\t<meta name=\"twitter:data1\" content=\"2 minutes\" \/>\n<script type=\"application\/ld+json\" class=\"yoast-schema-graph\">{\"@context\":\"https:\/\/schema.org\",\"@graph\":[{\"@type\":\"WebPage\",\"@id\":\"https:\/\/www.missionfinance.fr\/index.php\/home\/powerbi-vannes\/\",\"url\":\"https:\/\/www.missionfinance.fr\/index.php\/home\/powerbi-vannes\/\",\"name\":\"Mission Finance - Services - reporting - Power BI Vannes - Lorient\",\"isPartOf\":{\"@id\":\"https:\/\/www.missionfinance.fr\/#website\"},\"datePublished\":\"2019-11-30T16:42:37+00:00\",\"dateModified\":\"2023-06-07T14:34:13+00:00\",\"description\":\"MISSION FINANCE Power BI Vannes r\u00e9alise vos tableaux de bords & reporting avec POWER BI de Microsoft et vous aide \u00e0 piloter efficacement vos activit\u00e9s\",\"breadcrumb\":{\"@id\":\"https:\/\/www.missionfinance.fr\/index.php\/home\/powerbi-vannes\/#breadcrumb\"},\"inLanguage\":\"fr-FR\",\"potentialAction\":[{\"@type\":\"ReadAction\",\"target\":[\"https:\/\/www.missionfinance.fr\/index.php\/home\/powerbi-vannes\/\"]}]},{\"@type\":\"BreadcrumbList\",\"@id\":\"https:\/\/www.missionfinance.fr\/index.php\/home\/powerbi-vannes\/#breadcrumb\",\"itemListElement\":[{\"@type\":\"ListItem\",\"position\":1,\"name\":\"Accueil\",\"item\":\"https:\/\/www.missionfinance.fr\/\"},{\"@type\":\"ListItem\",\"position\":2,\"name\":\"Home\",\"item\":\"https:\/\/www.missionfinance.fr\/\"},{\"@type\":\"ListItem\",\"position\":3,\"name\":\"Services\"}]},{\"@type\":\"WebSite\",\"@id\":\"https:\/\/www.missionfinance.fr\/#website\",\"url\":\"https:\/\/www.missionfinance.fr\/\",\"name\":\"Mission Finance\",\"description\":\"Avec Mission finance, r\u00e9alisez vos tableaux de bord avec POWER BI\",\"publisher\":{\"@id\":\"https:\/\/www.missionfinance.fr\/#organization\"},\"potentialAction\":[{\"@type\":\"SearchAction\",\"target\":{\"@type\":\"EntryPoint\",\"urlTemplate\":\"https:\/\/www.missionfinance.fr\/?s={search_term_string}\"},\"query-input\":\"required name=search_term_string\"}],\"inLanguage\":\"fr-FR\"},{\"@type\":\"Organization\",\"@id\":\"https:\/\/www.missionfinance.fr\/#organization\",\"name\":\"Mission Finance\",\"url\":\"https:\/\/www.missionfinance.fr\/\",\"logo\":{\"@type\":\"ImageObject\",\"inLanguage\":\"fr-FR\",\"@id\":\"https:\/\/www.missionfinance.fr\/#\/schema\/logo\/image\/\",\"url\":\"https:\/\/www.missionfinance.fr\/wp-content\/uploads\/2023\/05\/LogoMissionFinancePNG.png\",\"contentUrl\":\"https:\/\/www.missionfinance.fr\/wp-content\/uploads\/2023\/05\/LogoMissionFinancePNG.png\",\"width\":164,\"height\":76,\"caption\":\"Mission Finance\"},\"image\":{\"@id\":\"https:\/\/www.missionfinance.fr\/#\/schema\/logo\/image\/\"}}]}<\/script>\n<!-- \/ Yoast SEO plugin. -->","yoast_head_json":{"title":"Mission Finance - Services - reporting - Power BI Vannes - Lorient","description":"MISSION FINANCE Power BI Vannes r\u00e9alise vos tableaux de bords & reporting avec POWER BI de Microsoft et vous aide \u00e0 piloter efficacement vos activit\u00e9s","robots":{"index":"index","follow":"follow","max-snippet":"max-snippet:-1","max-image-preview":"max-image-preview:large","max-video-preview":"max-video-preview:-1"},"canonical":"https:\/\/www.missionfinance.fr\/index.php\/home\/powerbi-vannes\/","og_locale":"fr_FR","og_type":"article","og_title":"Mission Finance - Services - reporting - Power BI Vannes - Lorient","og_description":"MISSION FINANCE Power BI Vannes r\u00e9alise vos tableaux de bords & reporting avec POWER BI de Microsoft et vous aide \u00e0 piloter efficacement vos activit\u00e9s","og_url":"https:\/\/www.missionfinance.fr\/index.php\/home\/powerbi-vannes\/","og_site_name":"Mission Finance","article_modified_time":"2023-06-07T14:34:13+00:00","og_image":[{"url":"http:\/\/www.missionfinance.fr\/wp-content\/uploads\/2020\/06\/Francois-Bertazzo-Enterprise-DNA-Certification-1-page-001-scaled.jpg"}],"twitter_card":"summary_large_image","twitter_misc":{"Dur\u00e9e de lecture estim\u00e9e":"2 minutes"},"schema":{"@context":"https:\/\/schema.org","@graph":[{"@type":"WebPage","@id":"https:\/\/www.missionfinance.fr\/index.php\/home\/powerbi-vannes\/","url":"https:\/\/www.missionfinance.fr\/index.php\/home\/powerbi-vannes\/","name":"Mission Finance - Services - reporting - Power BI Vannes - Lorient","isPartOf":{"@id":"https:\/\/www.missionfinance.fr\/#website"},"datePublished":"2019-11-30T16:42:37+00:00","dateModified":"2023-06-07T14:34:13+00:00","description":"MISSION FINANCE Power BI Vannes r\u00e9alise vos tableaux de bords & reporting avec POWER BI de Microsoft et vous aide \u00e0 piloter efficacement vos activit\u00e9s","breadcrumb":{"@id":"https:\/\/www.missionfinance.fr\/index.php\/home\/powerbi-vannes\/#breadcrumb"},"inLanguage":"fr-FR","potentialAction":[{"@type":"ReadAction","target":["https:\/\/www.missionfinance.fr\/index.php\/home\/powerbi-vannes\/"]}]},{"@type":"BreadcrumbList","@id":"https:\/\/www.missionfinance.fr\/index.php\/home\/powerbi-vannes\/#breadcrumb","itemListElement":[{"@type":"ListItem","position":1,"name":"Accueil","item":"https:\/\/www.missionfinance.fr\/"},{"@type":"ListItem","position":2,"name":"Home","item":"https:\/\/www.missionfinance.fr\/"},{"@type":"ListItem","position":3,"name":"Services"}]},{"@type":"WebSite","@id":"https:\/\/www.missionfinance.fr\/#website","url":"https:\/\/www.missionfinance.fr\/","name":"Mission Finance","description":"Avec Mission finance, r\u00e9alisez vos tableaux de bord avec POWER BI","publisher":{"@id":"https:\/\/www.missionfinance.fr\/#organization"},"potentialAction":[{"@type":"SearchAction","target":{"@type":"EntryPoint","urlTemplate":"https:\/\/www.missionfinance.fr\/?s={search_term_string}"},"query-input":"required name=search_term_string"}],"inLanguage":"fr-FR"},{"@type":"Organization","@id":"https:\/\/www.missionfinance.fr\/#organization","name":"Mission Finance","url":"https:\/\/www.missionfinance.fr\/","logo":{"@type":"ImageObject","inLanguage":"fr-FR","@id":"https:\/\/www.missionfinance.fr\/#\/schema\/logo\/image\/","url":"https:\/\/www.missionfinance.fr\/wp-content\/uploads\/2023\/05\/LogoMissionFinancePNG.png","contentUrl":"https:\/\/www.missionfinance.fr\/wp-content\/uploads\/2023\/05\/LogoMissionFinancePNG.png","width":164,"height":76,"caption":"Mission Finance"},"image":{"@id":"https:\/\/www.missionfinance.fr\/#\/schema\/logo\/image\/"}}]}},"_links":{"self":[{"href":"https:\/\/www.missionfinance.fr\/index.php\/wp-json\/wp\/v2\/pages\/42"}],"collection":[{"href":"https:\/\/www.missionfinance.fr\/index.php\/wp-json\/wp\/v2\/pages"}],"about":[{"href":"https:\/\/www.missionfinance.fr\/index.php\/wp-json\/wp\/v2\/types\/page"}],"author":[{"embeddable":true,"href":"https:\/\/www.missionfinance.fr\/index.php\/wp-json\/wp\/v2\/users\/1"}],"replies":[{"embeddable":true,"href":"https:\/\/www.missionfinance.fr\/index.php\/wp-json\/wp\/v2\/comments?post=42"}],"version-history":[{"count":160,"href":"https:\/\/www.missionfinance.fr\/index.php\/wp-json\/wp\/v2\/pages\/42\/revisions"}],"predecessor-version":[{"id":1720,"href":"https:\/\/www.missionfinance.fr\/index.php\/wp-json\/wp\/v2\/pages\/42\/revisions\/1720"}],"up":[{"embeddable":true,"href":"https:\/\/www.missionfinance.fr\/index.php\/wp-json\/wp\/v2\/pages\/59"}],"wp:attachment":[{"href":"https:\/\/www.missionfinance.fr\/index.php\/wp-json\/wp\/v2\/media?parent=42"}],"curies":[{"name":"wp","href":"https:\/\/api.w.org\/{rel}","templated":true}]}}