{"id":2083,"date":"2023-07-03T15:34:33","date_gmt":"2023-07-03T13:34:33","guid":{"rendered":"https:\/\/www.missionfinance.fr\/?page_id=2083"},"modified":"2023-07-03T15:57:49","modified_gmt":"2023-07-03T13:57:49","slug":"power-bi-flux-tresorerie","status":"publish","type":"page","link":"https:\/\/www.missionfinance.fr\/index.php\/power-bi-flux-tresorerie\/","title":{"rendered":"Power BI Flux de tr\u00e9sorerie"},"content":{"rendered":"<h1>Power BI Flux de tr\u00e9sorerie : Optimisez vos entr\u00e9es et sorties d&rsquo;argent<\/h1>\n<p>D\u00e9couvrez comment Mission Finance utilise Power BI pour cr\u00e9er les flux de tr\u00e9sorerie pr\u00e9cis et d\u00e9taill\u00e9s, int\u00e9grant les charges d\u00e9caissables et les charges calcul\u00e9es. Optimisez votre prise de d\u00e9cision gr\u00e2ce \u00e0 une vision claire de votre tr\u00e9sorerie, propuls\u00e9e par la puissance d&rsquo;analyse de Power BI et l&rsquo;expertise de Mission Finance.<\/p>\n<h2>D\u00e9finition<\/h2>\n<div class=\"flex flex-grow flex-col gap-3\">\n<div class=\"min-h-[20px] flex items-start overflow-x-auto whitespace-pre-wrap break-words flex-col gap-4\">\n<div class=\"markdown prose w-full break-words dark:prose-invert light\">\n<p>Les flux de tr\u00e9sorerie d\u00e9signent les mouvements d&rsquo;argent entrants et sortants au sein d&rsquo;une entreprise. Ils se divisent g\u00e9n\u00e9ralement en trois cat\u00e9gories :<\/p>\n<ol>\n<li><strong>Flux de tr\u00e9sorerie li\u00e9s aux activit\u00e9s d&rsquo;exploitation.<\/strong> Fflux de tr\u00e9sorerie provenant des op\u00e9rations de l&rsquo;entreprise, tels que les encaissements des ventes, les paiements des fournisseurs,\u00a0 salaires et taxes. Ces flux refl\u00e8tent la performance op\u00e9rationnelle et la g\u00e9n\u00e9ration de liquidit\u00e9s de l&rsquo;entreprise.<\/li>\n<li><strong>Flux de tr\u00e9sorerie li\u00e9s aux activit\u00e9s d&rsquo;investissement.<\/strong> Flux de tr\u00e9sorerie associ\u00e9s aux investissements en actifs \u00e0 long terme, tels que l&rsquo;achat ou la vente d&rsquo;\u00e9quipements. . Ces flux indiquent les d\u00e9penses et les rentr\u00e9es d&rsquo;argent li\u00e9es aux investissements r\u00e9alis\u00e9s par l&rsquo;entreprise.<\/li>\n<li><strong>Flux de tr\u00e9sorerie li\u00e9s aux activit\u00e9s de financement.<\/strong> Ce sont les flux de tr\u00e9sorerie li\u00e9s aux activit\u00e9s de financement de l&rsquo;entreprise, comme les emprunts, les remboursements de pr\u00eats, l&rsquo;\u00e9mission ou le rachat d&rsquo;actions, le versement de dividendes. Ces flux t\u00e9moignent des mouvements financiers li\u00e9s au capital et \u00e0 la structure financi\u00e8re de l&rsquo;entreprise.<\/li>\n<\/ol>\n<p>La combinaison de ces trois cat\u00e9gories de flux de tr\u00e9sorerie donne une vision globale des entr\u00e9es et sorties de liquidit\u00e9s. C&rsquo;est crucial pour \u00e9valuer la sant\u00e9 financi\u00e8re, la capacit\u00e9 \u00e0 investir, rembourser ses dettes et maintenir une gestion financi\u00e8re \u00e9quilibr\u00e9e.<\/p>\n<h2>La construction du tableau : Power BI flux de tr\u00e9sorerie<\/h2>\n<p>Le tableau ci-dessous illustre les flux de tr\u00e9sorerie calcul\u00e9s en utilisant les informations du compte de r\u00e9sultat pour les activit\u00e9s op\u00e9rationnelles. Le bilan sert \u00e0 \u00e9valuer les activit\u00e9s d&rsquo;investissement et de financement.<\/p>\n<p><a href=\"https:\/\/www.missionfinance.fr\/index.php\/power-bi-flux-tresorerie\/fluxtresorerie\/\" rel=\"attachment wp-att-2087\"><img decoding=\"async\" loading=\"lazy\" class=\"alignnone wp-image-2087\" src=\"https:\/\/www.missionfinance.fr\/wp-content\/uploads\/2023\/06\/FluxTresorerie.webp\" alt=\"Mission Finance power bi flux de tr\u00e9sorerie - Construction \u00e0 partir du nilan et compte de r\u00e9sultat\" width=\"594\" height=\"325\" srcset=\"https:\/\/www.missionfinance.fr\/wp-content\/uploads\/2023\/06\/FluxTresorerie.webp 1244w, https:\/\/www.missionfinance.fr\/wp-content\/uploads\/2023\/06\/FluxTresorerie-300x164.webp 300w, https:\/\/www.missionfinance.fr\/wp-content\/uploads\/2023\/06\/FluxTresorerie-1024x561.webp 1024w, https:\/\/www.missionfinance.fr\/wp-content\/uploads\/2023\/06\/FluxTresorerie-768x420.webp 768w\" sizes=\"(max-width: 594px) 100vw, 594px\" \/><\/a><\/p>\n<h3>Methodologie<\/h3>\n<div class=\"flex flex-grow flex-col gap-3\">\n<div class=\"min-h-[20px] flex items-start overflow-x-auto whitespace-pre-wrap break-words flex-col gap-4\">\n<div class=\"markdown prose w-full break-words dark:prose-invert light\">\n<p>Vous pouvez construire les flux de tr\u00e9sorerie en utilisant le compte de r\u00e9sultat et le bilan. Identifiez les<a href=\"https:\/\/www.compta-facile.com\/charges-decaissables-non-decaissables-calculees\/\" target=\"_blank\" rel=\"noopener\"> charges d\u00e9caissables et de charges calcul\u00e9es<\/a> : les premi\u00e8res sont int\u00e9gr\u00e9s alors que les secondes doivent \u00eatre neutralis\u00e9es.<\/p>\n<ol>\n<li><strong>Analysez du compte de r\u00e9sultat. <\/strong>Examinez le compte de r\u00e9sultat pour identifier les revenus, les charges directes et les charges d&rsquo;exploitation qui ont un impact direct sur les flux de tr\u00e9sorerie.<\/li>\n<li><strong>Puis faites la distinction entre charges d\u00e9caissables et charges calcul\u00e9es. <\/strong>Identifiez les charges d\u00e9caissables, qui correspondent aux d\u00e9penses r\u00e9elles effectu\u00e9es en num\u00e9raire, telles que les salaires, les achats de marchandises, les frais g\u00e9n\u00e9raux. Distinguez-les des charges calcul\u00e9es, qui sont des \u00e9l\u00e9ments non mon\u00e9taires tels que les amortissements et les provisions.<\/li>\n<li><strong>Ensuite ajustez les charges calcul\u00e9es. <\/strong>Pour obtenir les flux de tr\u00e9sorerie r\u00e9els, excluez les charges calcul\u00e9es des flux de tr\u00e9sorerie. Ces charges n&rsquo;impliquent pas de sorties de tr\u00e9sorerie, car elles repr\u00e9sentent une r\u00e9partition des co\u00fbts sur une p\u00e9riode donn\u00e9e.<\/li>\n<li><strong>Analysez le bilan.<\/strong> Identifiez les variations des actifs courants (stocks, cr\u00e9ances clients, etc.) et des passifs courants (dettes fournisseurs, dettes fiscales, etc.) qui ont un impact sur la tr\u00e9sorerie. Il s&rsquo;agit de la variation <a href=\"https:\/\/fr.wikipedia.org\/wiki\/Besoin_en_fonds_de_roulement\" target=\"_blank\" rel=\"noopener\">besoin en fonds de roulement<\/a>.<\/li>\n<li><strong>Calculez les flux de tr\u00e9sorerie op\u00e9rationnels. <\/strong>\u00c0 partir des informations pr\u00e9c\u00e9dentes, calculez les flux de tr\u00e9sorerie op\u00e9rationnels pou obtenir la <em>variations du besoin en fonds de roulement.<\/em><\/li>\n<li><strong>Identifiez les flux de tr\u00e9sorerie li\u00e9s aux activit\u00e9s d&rsquo;investissement. A<\/strong>chats et ventes d&rsquo;actifs, investissements et aux activit\u00e9s de financement (emprunts, remboursements, \u00e9mission\/rachat d&rsquo;actions, dividendes.<\/li>\n<li><strong>Consolidation des flux de tr\u00e9sorerie.<\/strong> Regroupez les flux de tr\u00e9sorerie op\u00e9rationnels, d&rsquo;investissement et de financement pour obtenir le flux de tr\u00e9sorerie global de l&rsquo;entreprise.<\/li>\n<li><strong>V\u00e9rification et r\u00e9conciliation<\/strong> : V\u00e9rifiez la coh\u00e9rence des flux de tr\u00e9sorerie avec les informations du compte de r\u00e9sultat et du bilan.<\/li>\n<\/ol>\n<\/div>\n<\/div>\n<\/div>\n<h2>Choisissez une pr\u00e9sentation adapt\u00e9e \u00e0 vos choix strat\u00e9giques<\/h2>\n<p>Il existe plusieurs pr\u00e9sentation des flux de tr\u00e9sorerie. Je pr\u00e9senterai l&rsquo;option qui d\u00e9marre par le r\u00e9sultat d&rsquo;exploitation puis celle qui d\u00e9marre par le r\u00e9sultat net.<\/p>\n<p>Utiliser l&rsquo;une ou l&rsquo;autre des pr\u00e9sentations des flux de tr\u00e9sorerie pr\u00e9sente des avantages sp\u00e9cifiques selon le contexte et les besoins de l&rsquo;entreprise :<\/p>\n<ol>\n<li><strong>En partant du r\u00e9sultat d&rsquo;exploitation<\/strong> : Cette approche met l&rsquo;accent sur la performance op\u00e9rationnelle de l&rsquo;entreprise. Elle permet de mieux comprendre la contribution des activit\u00e9s principales de l&rsquo;entreprise \u00e0 la g\u00e9n\u00e9ration de flux de tr\u00e9sorerie. Cela peut \u00eatre particuli\u00e8rement utile pour \u00e9valuer l&rsquo;efficacit\u00e9 des op\u00e9rations, identifier les sources de liquidit\u00e9s et prendre des mesures pour am\u00e9liorer la rentabilit\u00e9.<\/li>\n<li><strong>En partant du r\u00e9sultat net<\/strong> : Cette approche prend en compte le b\u00e9n\u00e9fice net global de l&rsquo;entreprise apr\u00e8s avoir tenu compte de toutes les charges, y compris les \u00e9l\u00e9ments non op\u00e9rationnels et les imp\u00f4ts. Elle donne une vision plus compl\u00e8te de la performance financi\u00e8re globale de l&rsquo;entreprise. Cela peut \u00eatre important pour comprendre l&rsquo;impact des charges non op\u00e9rationnelles, \u00e9valuer la rentabilit\u00e9 nette et prendre des d\u00e9cisions en mati\u00e8re de financement, de distribution des b\u00e9n\u00e9fices et de gestion des flux de tr\u00e9sorerie \u00e0 long terme.<\/li>\n<\/ol>\n<p>Le choix entre les deux pr\u00e9sentations d\u00e9pend des objectifs et des pr\u00e9occupations sp\u00e9cifiques de l&rsquo;entreprise. Si l&rsquo;accent est mis sur l&rsquo;efficacit\u00e9 op\u00e9rationnelle, la pr\u00e9sentation bas\u00e9e sur le r\u00e9sultat d&rsquo;exploitation peut \u00eatre plus pertinente. Si l&rsquo;accent est mis sur la performance financi\u00e8re globale, la pr\u00e9sentation bas\u00e9e sur le r\u00e9sultat net fournit une vision plus pertinente.<\/p>\n<h3>Les flux de tr\u00e9sorerie par le r\u00e9sultat d&rsquo;exploitation<\/h3>\n<p>L&rsquo;utilisation de la pr\u00e9sentation des flux de tr\u00e9sorerie en partant du r\u00e9sultat d&rsquo;exploitation pr\u00e9sente plusieurs avantages :<\/p>\n<ol>\n<li><strong>Mise en \u00e9vidence de la performance op\u00e9rationnelle.<\/strong> En commen\u00e7ant par le r\u00e9sultat d&rsquo;exploitation, cette approche met en avant la capacit\u00e9 de l&rsquo;entreprise \u00e0 g\u00e9n\u00e9rer des liquidit\u00e9s \u00e0 partir de ses activit\u00e9s principales. Cela permet de comprendre comment les ventes, les co\u00fbts d&rsquo;exploitation, les investissements influent sur les flux de tr\u00e9sorerie. Ainsi, les dirigeants peuvent \u00e9valuer l&rsquo;efficacit\u00e9 op\u00e9rationnelle de l&rsquo;entreprise et prendre des mesures pour am\u00e9liorer sa rentabilit\u00e9.<\/li>\n<li><strong>Identification des sources de liquidit\u00e9s.<\/strong> En analysant les flux de tr\u00e9sorerie li\u00e9s aux activit\u00e9s d&rsquo;exploitation, vous pouvez identifier les principales sources de liquidit\u00e9s de l&rsquo;entreprise. Cela inclut les encaissements provenant des ventes, les flux de tr\u00e9sorerie li\u00e9s aux fournisseurs, aux salaires etc. En comprenant ces sources de liquidit\u00e9s, les gestionnaires peuvent mettre en place des mesures pour r\u00e9duire le BFR.<\/li>\n<li><strong>Gestion des liquidit\u00e9s \u00e0 court terme.<\/strong> La pr\u00e9sentation des flux de tr\u00e9sorerie en partant du r\u00e9sultat d&rsquo;exploitation permet de se concentrer sur les besoins de tr\u00e9sorerie \u00e0 court terme. En identifiant les flux de tr\u00e9sorerie op\u00e9rationnels, vous pouvez \u00e9valuer si l&rsquo;entreprise dispose des liquidit\u00e9s n\u00e9cessaires pour faire face \u00e0 ses obligations financi\u00e8res imm\u00e9diates. Cela facilite la gestion quotidienne de la tr\u00e9sorerie et \u00e9vite les probl\u00e8mes de liquidit\u00e9.<\/li>\n<li><strong>Am\u00e9lioration de la rentabilit\u00e9. <\/strong>Vous pouvez identifier les domaines o\u00f9 des am\u00e9liorations sont n\u00e9cessaires pour augmenter la rentabilit\u00e9 de l&rsquo;entreprise. En optimisant la gestion des stocks et en acc\u00e9l\u00e9rant les encaissements des clients, par exemple.<\/li>\n<\/ol>\n<p><a href=\"https:\/\/www.missionfinance.fr\/index.php\/power-bi-flux-tresorerie\/fluxrex\/\" rel=\"attachment wp-att-2090\"><img decoding=\"async\" loading=\"lazy\" class=\"alignnone wp-image-2090\" src=\"https:\/\/www.missionfinance.fr\/wp-content\/uploads\/2023\/06\/FluxREX.webp\" alt=\"Mission Finance - power bi Flux tr\u00e9sorerie par le REX\" width=\"387\" height=\"540\" srcset=\"https:\/\/www.missionfinance.fr\/wp-content\/uploads\/2023\/06\/FluxREX.webp 540w, https:\/\/www.missionfinance.fr\/wp-content\/uploads\/2023\/06\/FluxREX-215x300.webp 215w\" sizes=\"(max-width: 387px) 100vw, 387px\" \/><\/a><\/p>\n<p><span style=\"color: #0000ff;\"><a style=\"color: #0000ff;\" href=\"https:\/\/app.powerbi.com\/view?r=eyJrIjoiY2U2MDdmNmUtNWRhZC00MjQzLWExMTctNmQ1MTBmN2E3NGRkIiwidCI6ImVmOTA0MzExLTJlY2YtNGE4Ni1hNGYwLTlmM2VhZTU4Mjc4ZSIsImMiOjh9\" target=\"_blank\" rel=\"noopener\">Cliquez ici<\/a> <\/span>pour ouvrir le rapport interactif<\/p>\n<h3>Les flux de tr\u00e9sorerie par le r\u00e9sultat net<\/h3>\n<div class=\"flex flex-grow flex-col gap-3\">\n<div class=\"min-h-[20px] flex items-start overflow-x-auto whitespace-pre-wrap break-words flex-col gap-4\">\n<div class=\"markdown prose w-full break-words dark:prose-invert light\">\n<p>La pr\u00e9sentation des flux de tr\u00e9sorerie en partant du r\u00e9sultat net offre les avantages suivants :<\/p>\n<ol>\n<li><strong>Vision globale de la performance financi\u00e8re.<\/strong> En commen\u00e7ant par le r\u00e9sultat net, cette approche donne une vision compl\u00e8te de la performance financi\u00e8re globale. Elle tient compte de toutes les charges, y compris les \u00e9l\u00e9ments non op\u00e9rationnels, les imp\u00f4ts et les autres \u00e9l\u00e9ments qui affectent le r\u00e9sultat final. Cela permet d&rsquo;\u00e9valuer la rentabilit\u00e9 nette de l&rsquo;entreprise.<\/li>\n<li><strong>Evaluation de la rentabilit\u00e9 nette.<\/strong> En analysant les flux de tr\u00e9sorerie li\u00e9s aux activit\u00e9s de financement, cette approche permet d&rsquo;\u00e9valuer comment les d\u00e9cisions de financement affectent les flux de tr\u00e9sorerie et la rentabilit\u00e9 nette de l&rsquo;entreprise.<\/li>\n<li><strong>Gestion des flux de tr\u00e9sorerie \u00e0 long terme.<\/strong> En partant du r\u00e9sultat net met l&rsquo;accent sur les flux de tr\u00e9sorerie li\u00e9s aux activit\u00e9s de financement. Cela permet de mettre en \u00e9vidence\u00a0 l&rsquo;utilisation des b\u00e9n\u00e9fices, et la politiques de distribution des b\u00e9n\u00e9fices. Cela contribue \u00e0 maintenir un \u00e9quilibre de la rentabilit\u00e9 financi\u00e8re \u00e0 long terme.<\/li>\n<li><strong>Planification financi\u00e8re strat\u00e9gique<\/strong>. En se basant sur le r\u00e9sultat net, cette approche facilite la planification financi\u00e8re strat\u00e9gique de l&rsquo;entreprise. Elle permet d&rsquo;anticiper les besoins en tr\u00e9sorerie, d&rsquo;identifier les sources de financement appropri\u00e9es . Cela aide les dirigeants \u00e0 prendre des d\u00e9cisions inform\u00e9es pour optimiser la structure financi\u00e8re de l&rsquo;entreprise et maximiser la rentabilit\u00e9.<\/li>\n<\/ol>\n<p><a href=\"https:\/\/www.missionfinance.fr\/index.php\/power-bi-flux-tresorerie\/fluxrn\/\" rel=\"attachment wp-att-2093\"><img decoding=\"async\" loading=\"lazy\" class=\"alignnone wp-image-2093\" src=\"https:\/\/www.missionfinance.fr\/wp-content\/uploads\/2023\/06\/FluxRN.webp\" alt=\"mission finance- power bi flux de tr\u00e9sorerie par le r\u00e9sultat net\" width=\"377\" height=\"488\" srcset=\"https:\/\/www.missionfinance.fr\/wp-content\/uploads\/2023\/06\/FluxRN.webp 534w, https:\/\/www.missionfinance.fr\/wp-content\/uploads\/2023\/06\/FluxRN-232x300.webp 232w\" sizes=\"(max-width: 377px) 100vw, 377px\" \/><\/a><\/p>\n<p><span style=\"color: #0000ff;\"><a style=\"color: #0000ff;\" href=\"https:\/\/app.powerbi.com\/view?r=eyJrIjoiY2U2MDdmNmUtNWRhZC00MjQzLWExMTctNmQ1MTBmN2E3NGRkIiwidCI6ImVmOTA0MzExLTJlY2YtNGE4Ni1hNGYwLTlmM2VhZTU4Mjc4ZSIsImMiOjh9\" target=\"_blank\" rel=\"noopener\">Cliquez ici<\/a> <\/span>pour ouvrir le rapport interactif<\/p>\n<p><strong>Nota<\/strong> : les 2 \u00e9tats donnent les m\u00eames r\u00e9sultats \u00e0 une exception. Dans les flux par le REX, nous avons int\u00e9gr\u00e9 les frais financiers de 345 euros aux flux financiers. Ce n&rsquo;est pas le cas dans les flux financiers par le RN. Le classement des rubriques doit faire l&rsquo;objet d&rsquo;une r\u00e9flexion et d&rsquo;une d\u00e9cision du conseil d&rsquo;administration. Cette remarque est \u00e9galement vrai pour le traitement de certaines provisions. Elles font parfois pol\u00e9mique au sein des grands groupes.<\/p>\n<p>En r\u00e9sum\u00e9, la pr\u00e9sentation des flux de tr\u00e9sorerie en partant du r\u00e9sultat net facilite la gestion des flux de tr\u00e9sorerie \u00e0 long terme. Cette approche aide les dirigeants \u00e0 prendre des d\u00e9cisions \u00e9clair\u00e9es en mati\u00e8re de gestion financi\u00e8re \u00e0 long terme pour assurer la sant\u00e9 financi\u00e8re.<\/p>\n<p>Retour \u00e0 la <a href=\"https:\/\/www.missionfinance.fr\/\">page d&rsquo;accueil<\/a><\/p>\n<\/div>\n<\/div>\n<\/div>\n<\/div>\n<\/div>\n<\/div>\n","protected":false},"excerpt":{"rendered":"<p>Power BI Flux de tr\u00e9sorerie : Optimisez vos entr\u00e9es et sorties d&rsquo;argent D\u00e9couvrez comment Mission Finance utilise Power BI pour cr\u00e9er les flux de tr\u00e9sorerie pr\u00e9cis et d\u00e9taill\u00e9s, int\u00e9grant les charges d\u00e9caissables et les charges calcul\u00e9es. Optimisez votre prise de d\u00e9cision gr\u00e2ce \u00e0 une vision claire de votre tr\u00e9sorerie, propuls\u00e9e par la puissance d&rsquo;analyse de [&hellip;]<\/p>\n","protected":false},"author":1,"featured_media":0,"parent":0,"menu_order":0,"comment_status":"closed","ping_status":"closed","template":"","meta":[],"yoast_head":"<!-- This site is optimized with the Yoast SEO plugin v20.10 - https:\/\/yoast.com\/wordpress\/plugins\/seo\/ -->\n<title>flux de tr\u00e9sorerie - Mission Finance<\/title>\n<meta name=\"description\" content=\"Mission Finance et Power BI, sont vos alli\u00e9s indispensables de votre tr\u00e9sorerie ! Visualisez et anticipez vos power bi flux tr\u00e9sorerie\" \/>\n<meta name=\"robots\" content=\"index, follow, max-snippet:-1, max-image-preview:large, max-video-preview:-1\" \/>\n<link rel=\"canonical\" href=\"https:\/\/www.missionfinance.fr\/index.php\/power-bi-flux-tresorerie\/\" \/>\n<meta property=\"og:locale\" content=\"fr_FR\" \/>\n<meta property=\"og:type\" content=\"article\" \/>\n<meta property=\"og:title\" content=\"flux de tr\u00e9sorerie - Mission Finance\" \/>\n<meta property=\"og:description\" content=\"Mission Finance et Power BI, sont vos alli\u00e9s indispensables de votre tr\u00e9sorerie ! Visualisez et anticipez vos power bi flux tr\u00e9sorerie\" \/>\n<meta property=\"og:url\" content=\"https:\/\/www.missionfinance.fr\/index.php\/power-bi-flux-tresorerie\/\" \/>\n<meta property=\"og:site_name\" content=\"Mission Finance\" \/>\n<meta property=\"article:modified_time\" content=\"2023-07-03T13:57:49+00:00\" \/>\n<meta property=\"og:image\" content=\"https:\/\/www.missionfinance.fr\/wp-content\/uploads\/2023\/06\/FluxTresorerie.webp\" \/>\n<meta name=\"twitter:card\" content=\"summary_large_image\" \/>\n<meta name=\"twitter:label1\" content=\"Dur\u00e9e de lecture estim\u00e9e\" \/>\n\t<meta name=\"twitter:data1\" content=\"9 minutes\" \/>\n<script type=\"application\/ld+json\" class=\"yoast-schema-graph\">{\"@context\":\"https:\/\/schema.org\",\"@graph\":[{\"@type\":\"WebPage\",\"@id\":\"https:\/\/www.missionfinance.fr\/index.php\/power-bi-flux-tresorerie\/\",\"url\":\"https:\/\/www.missionfinance.fr\/index.php\/power-bi-flux-tresorerie\/\",\"name\":\"flux de tr\u00e9sorerie - Mission Finance\",\"isPartOf\":{\"@id\":\"https:\/\/www.missionfinance.fr\/#website\"},\"datePublished\":\"2023-07-03T13:34:33+00:00\",\"dateModified\":\"2023-07-03T13:57:49+00:00\",\"description\":\"Mission Finance et Power BI, sont vos alli\u00e9s indispensables de votre tr\u00e9sorerie ! Visualisez et anticipez vos power bi flux tr\u00e9sorerie\",\"breadcrumb\":{\"@id\":\"https:\/\/www.missionfinance.fr\/index.php\/power-bi-flux-tresorerie\/#breadcrumb\"},\"inLanguage\":\"fr-FR\",\"potentialAction\":[{\"@type\":\"ReadAction\",\"target\":[\"https:\/\/www.missionfinance.fr\/index.php\/power-bi-flux-tresorerie\/\"]}]},{\"@type\":\"BreadcrumbList\",\"@id\":\"https:\/\/www.missionfinance.fr\/index.php\/power-bi-flux-tresorerie\/#breadcrumb\",\"itemListElement\":[{\"@type\":\"ListItem\",\"position\":1,\"name\":\"Accueil\",\"item\":\"https:\/\/www.missionfinance.fr\/\"},{\"@type\":\"ListItem\",\"position\":2,\"name\":\"Power BI Flux de tr\u00e9sorerie\"}]},{\"@type\":\"WebSite\",\"@id\":\"https:\/\/www.missionfinance.fr\/#website\",\"url\":\"https:\/\/www.missionfinance.fr\/\",\"name\":\"Mission Finance\",\"description\":\"Avec Mission finance, r\u00e9alisez vos tableaux de bord avec POWER BI\",\"publisher\":{\"@id\":\"https:\/\/www.missionfinance.fr\/#organization\"},\"potentialAction\":[{\"@type\":\"SearchAction\",\"target\":{\"@type\":\"EntryPoint\",\"urlTemplate\":\"https:\/\/www.missionfinance.fr\/?s={search_term_string}\"},\"query-input\":\"required name=search_term_string\"}],\"inLanguage\":\"fr-FR\"},{\"@type\":\"Organization\",\"@id\":\"https:\/\/www.missionfinance.fr\/#organization\",\"name\":\"Mission Finance\",\"url\":\"https:\/\/www.missionfinance.fr\/\",\"logo\":{\"@type\":\"ImageObject\",\"inLanguage\":\"fr-FR\",\"@id\":\"https:\/\/www.missionfinance.fr\/#\/schema\/logo\/image\/\",\"url\":\"https:\/\/www.missionfinance.fr\/wp-content\/uploads\/2023\/05\/LogoMissionFinancePNG.png\",\"contentUrl\":\"https:\/\/www.missionfinance.fr\/wp-content\/uploads\/2023\/05\/LogoMissionFinancePNG.png\",\"width\":164,\"height\":76,\"caption\":\"Mission Finance\"},\"image\":{\"@id\":\"https:\/\/www.missionfinance.fr\/#\/schema\/logo\/image\/\"}}]}<\/script>\n<!-- \/ Yoast SEO plugin. -->","yoast_head_json":{"title":"flux de tr\u00e9sorerie - Mission Finance","description":"Mission Finance et Power BI, sont vos alli\u00e9s indispensables de votre tr\u00e9sorerie ! Visualisez et anticipez vos power bi flux tr\u00e9sorerie","robots":{"index":"index","follow":"follow","max-snippet":"max-snippet:-1","max-image-preview":"max-image-preview:large","max-video-preview":"max-video-preview:-1"},"canonical":"https:\/\/www.missionfinance.fr\/index.php\/power-bi-flux-tresorerie\/","og_locale":"fr_FR","og_type":"article","og_title":"flux de tr\u00e9sorerie - Mission Finance","og_description":"Mission Finance et Power BI, sont vos alli\u00e9s indispensables de votre tr\u00e9sorerie ! Visualisez et anticipez vos power bi flux tr\u00e9sorerie","og_url":"https:\/\/www.missionfinance.fr\/index.php\/power-bi-flux-tresorerie\/","og_site_name":"Mission Finance","article_modified_time":"2023-07-03T13:57:49+00:00","og_image":[{"url":"https:\/\/www.missionfinance.fr\/wp-content\/uploads\/2023\/06\/FluxTresorerie.webp"}],"twitter_card":"summary_large_image","twitter_misc":{"Dur\u00e9e de lecture estim\u00e9e":"9 minutes"},"schema":{"@context":"https:\/\/schema.org","@graph":[{"@type":"WebPage","@id":"https:\/\/www.missionfinance.fr\/index.php\/power-bi-flux-tresorerie\/","url":"https:\/\/www.missionfinance.fr\/index.php\/power-bi-flux-tresorerie\/","name":"flux de tr\u00e9sorerie - Mission Finance","isPartOf":{"@id":"https:\/\/www.missionfinance.fr\/#website"},"datePublished":"2023-07-03T13:34:33+00:00","dateModified":"2023-07-03T13:57:49+00:00","description":"Mission Finance et Power BI, sont vos alli\u00e9s indispensables de votre tr\u00e9sorerie ! Visualisez et anticipez vos power bi flux tr\u00e9sorerie","breadcrumb":{"@id":"https:\/\/www.missionfinance.fr\/index.php\/power-bi-flux-tresorerie\/#breadcrumb"},"inLanguage":"fr-FR","potentialAction":[{"@type":"ReadAction","target":["https:\/\/www.missionfinance.fr\/index.php\/power-bi-flux-tresorerie\/"]}]},{"@type":"BreadcrumbList","@id":"https:\/\/www.missionfinance.fr\/index.php\/power-bi-flux-tresorerie\/#breadcrumb","itemListElement":[{"@type":"ListItem","position":1,"name":"Accueil","item":"https:\/\/www.missionfinance.fr\/"},{"@type":"ListItem","position":2,"name":"Power BI Flux de tr\u00e9sorerie"}]},{"@type":"WebSite","@id":"https:\/\/www.missionfinance.fr\/#website","url":"https:\/\/www.missionfinance.fr\/","name":"Mission Finance","description":"Avec Mission finance, r\u00e9alisez vos tableaux de bord avec POWER BI","publisher":{"@id":"https:\/\/www.missionfinance.fr\/#organization"},"potentialAction":[{"@type":"SearchAction","target":{"@type":"EntryPoint","urlTemplate":"https:\/\/www.missionfinance.fr\/?s={search_term_string}"},"query-input":"required name=search_term_string"}],"inLanguage":"fr-FR"},{"@type":"Organization","@id":"https:\/\/www.missionfinance.fr\/#organization","name":"Mission Finance","url":"https:\/\/www.missionfinance.fr\/","logo":{"@type":"ImageObject","inLanguage":"fr-FR","@id":"https:\/\/www.missionfinance.fr\/#\/schema\/logo\/image\/","url":"https:\/\/www.missionfinance.fr\/wp-content\/uploads\/2023\/05\/LogoMissionFinancePNG.png","contentUrl":"https:\/\/www.missionfinance.fr\/wp-content\/uploads\/2023\/05\/LogoMissionFinancePNG.png","width":164,"height":76,"caption":"Mission Finance"},"image":{"@id":"https:\/\/www.missionfinance.fr\/#\/schema\/logo\/image\/"}}]}},"_links":{"self":[{"href":"https:\/\/www.missionfinance.fr\/index.php\/wp-json\/wp\/v2\/pages\/2083"}],"collection":[{"href":"https:\/\/www.missionfinance.fr\/index.php\/wp-json\/wp\/v2\/pages"}],"about":[{"href":"https:\/\/www.missionfinance.fr\/index.php\/wp-json\/wp\/v2\/types\/page"}],"author":[{"embeddable":true,"href":"https:\/\/www.missionfinance.fr\/index.php\/wp-json\/wp\/v2\/users\/1"}],"replies":[{"embeddable":true,"href":"https:\/\/www.missionfinance.fr\/index.php\/wp-json\/wp\/v2\/comments?post=2083"}],"version-history":[{"count":33,"href":"https:\/\/www.missionfinance.fr\/index.php\/wp-json\/wp\/v2\/pages\/2083\/revisions"}],"predecessor-version":[{"id":2120,"href":"https:\/\/www.missionfinance.fr\/index.php\/wp-json\/wp\/v2\/pages\/2083\/revisions\/2120"}],"wp:attachment":[{"href":"https:\/\/www.missionfinance.fr\/index.php\/wp-json\/wp\/v2\/media?parent=2083"}],"curies":[{"name":"wp","href":"https:\/\/api.w.org\/{rel}","templated":true}]}}