{"id":161,"date":"2019-12-01T19:04:50","date_gmt":"2019-12-01T18:04:50","guid":{"rendered":"http:\/\/www.missionfinance.fr\/?page_id=161"},"modified":"2023-06-07T16:23:18","modified_gmt":"2023-06-07T14:23:18","slug":"power-bi-service","status":"publish","type":"page","link":"https:\/\/www.missionfinance.fr\/index.php\/power-bi\/powerbi-vannes\/power-bi-service\/","title":{"rendered":"Diffusion Collaborateurs"},"content":{"rendered":"\r\n<h1 class=\"wp-block-image is-resized\">Mission Finance diffuse vos tableaux de bord dans Power BI Service<\/h1>\r\n<h2>Qu&rsquo;est-ce Power BI service<\/h2>\r\n<p>Power BI service est une plateforme Cloud de Microsoft qui permet de cr\u00e9er, partager, collaborer sur des rapports interactifs et des tableaux de bords bas\u00e9s sur des donn\u00e9es provenant de diff\u00e9rentes sources. Voir l<a href=\"http:\/\/www.missionfinance.fr\/index.php\/power-bi-lorient\/\">&lsquo;\u00e9tape pr\u00e9c\u00e9dente<\/a> pour la r\u00e9alisation des rapport avec Power BI DeskTop<\/p>\r\n<p>&nbsp;<\/p>\r\n<figure id=\"attachment_1153\" aria-describedby=\"caption-attachment-1153\" style=\"width: 560px\" class=\"wp-caption alignleft\"><a href=\"http:\/\/www.missionfinance.fr\/index.php\/power-bi-lorient\/created-with-gimp\/\" target=\"_blank\" rel=\"attachment noopener wp-att-1153\"><img decoding=\"async\" loading=\"lazy\" class=\"wp-image-1153\" src=\"http:\/\/www.missionfinance.fr\/wp-content\/uploads\/2023\/05\/2220244171-DiagrammePowerBI.jpg\" alt=\"Diagramme de power bi service\" width=\"560\" height=\"314\" srcset=\"https:\/\/www.missionfinance.fr\/wp-content\/uploads\/2023\/05\/2220244171-DiagrammePowerBI.jpg 1398w, https:\/\/www.missionfinance.fr\/wp-content\/uploads\/2023\/05\/2220244171-DiagrammePowerBI-300x168.jpg 300w, https:\/\/www.missionfinance.fr\/wp-content\/uploads\/2023\/05\/2220244171-DiagrammePowerBI-1024x574.jpg 1024w, https:\/\/www.missionfinance.fr\/wp-content\/uploads\/2023\/05\/2220244171-DiagrammePowerBI-768x430.jpg 768w\" sizes=\"(max-width: 560px) 100vw, 560px\" \/><\/a><figcaption id=\"caption-attachment-1153\" class=\"wp-caption-text\">Diagramme de fonctionnement de Power BI<\/figcaption><\/figure>\r\n<p>&nbsp;<\/p>\r\n<p><strong>La partie droite du diagramme illustre le fonctionnement du service :<\/strong><\/p>\r\n<ul>\r\n<li>Publication des rapports issus de Power BI desktop<\/li>\r\n<li>Suivi par le partage des rapports et travail collaboratif<\/li>\r\n<li>Enfin, l&rsquo;analyse des r\u00e9sultats<\/li>\r\n<\/ul>\r\n<p>&nbsp;<\/p>\r\n<h3>\u00a0<\/h3>\r\n<h3>Publication des rapport de Power BI DeskTop<\/h3>\r\n<p>Cette phase \u00ab\u00a0technique\u00a0\u00bb cache plusieurs avantages essentiels :<\/p>\r\n<ul>\r\n<li>Les donn\u00e9es pr\u00e9sent\u00e9es dans les rapports publi\u00e9s sont indiscutables car le processus de \u00ab\u00a0fabrication\u00a0\u00bb\u00a0 de donn\u00e9es a \u00e9t\u00e9 valid\u00e9 une fois pour toutes par la direction g\u00e9n\u00e9rale, voire le conseil d&rsquo;administration<\/li>\r\n<li>Tous les destinataires ont la m\u00eame information au m\u00eame moment. La publication des rapports\u00a0 par listes de destinations g\u00e9r\u00e9s par la SI supprime la gestion des mails au niveau du service<\/li>\r\n<li>Le contr\u00f4le de gestion peut enfin se focaliser sur son travail d&rsquo;analyse et alerte<\/li>\r\n<\/ul>\r\n<p>&nbsp;<\/p>\r\n<h2>Partage des rapports et travail collaboratif<\/h2>\r\n<p>Avec Power BI, vous pouvez travailler \u00e0 plusieurs sur un m\u00eame visuel. Cependant, Power BI sur le WEB ne permet pas l&rsquo;acc\u00e8s aux d\u00e9finitions des calculs (mesures). Dans ces conditions, il est n\u00e9cessaire de documenter avec pr\u00e9cision les indicateurs et leur mode de calcul. C&rsquo;est une condition indispensable pour que les utilisateurs finaux puissent utiliser le service et cr\u00e9er leurs propres rapports.<\/p>\r\n<h2>Analyse des r\u00e9sultats et reporting<\/h2>\r\n<p>Le syst\u00e8me Power BI constitue un outil puissant de pilotage et de contr\u00f4le de gestion des activit\u00e9s. En conclusion ses avantages sont :<\/p>\r\n<ul>\r\n<li>l&rsquo;automatisation de la collecte et le traitement de l&rsquo;information<\/li>\r\n<li>la diversit\u00e9s des sources accessibles<\/li>\r\n<li>la possibilit\u00e9 de construire simplement des rapports percutants<\/li>\r\n<li>la mise \u00e0 disposition en instantan\u00e9 via le WEB, d&rsquo;une information fiable et uniforme \u00e0 tous les collaborateurs<\/li>\r\n<li>la facilit\u00e9 de communication entre les diff\u00e9rents acteurs, d\u00e9veloppeurs, dirigeants et les op\u00e9rationnels<\/li>\r\n<\/ul>\r\n<p>&nbsp;<\/p>\r\n\r\n<h2>Mission Finance intervient pour :<\/h2>\r\n<ul>\r\n<li>recenser des utilisateurs et de leurs droits en visualisation cr\u00e9ation, modification, suppression<\/li>\r\n<li>dimensionner de la diffusion et conseil sur le <a href=\"https:\/\/www.google.com\/url?sa=t&amp;rct=j&amp;q=&amp;esrc=s&amp;source=web&amp;cd=&amp;cad=rja&amp;uact=8&amp;ved=2ahUKEwjH8JWB2Nn-AhV2TaQEHaydDOAQFnoECBcQAQ&amp;url=https%3A%2F%2Fpowerbi.microsoft.com%2Ffr-fr%2Fpricing%2F&amp;usg=AOvVaw0PgIdQw3OamnZN14rB8401\" target=\"_blank\" rel=\"noopener\">choix tarifaire de Microsoft<\/a> si vous choisissez cette solution<\/li>\r\n<li>Tester et valider de la solution de diffusion<\/li>\r\n<li>La mise en oeuvre de la diffusion choisie<\/li>\r\n<\/ul>\r\n<p>&nbsp;<\/p>\r\n<p><strong><a href=\"https:\/\/www.logiciels.pro\/comparatif-logiciels-saas\/comparatif-logiciels-business-intelligence-analytics\/comparatif-logiciels-business-intelligence\/comparatif-logiciels-de-business-intelligence\/\" target=\"_blank\" rel=\"noopener\">Comparateur<\/a>. <\/strong>des solution de BI<\/p>\r\n\r\n<figure class=\"wp-block-image is-resized\"><\/figure>\r\n\r\n<p><a href=\"http:\/\/www.missionfinance.fr\/\">Retour \u00e0 la page d&rsquo;acccueil<\/a><\/p>\r\n<p>&nbsp;<\/p>\r\n<p>&nbsp;<\/p>","protected":false},"excerpt":{"rendered":"<p>Mission Finance intervient pour : recenser des utilisateurs et de leurs droits en visualisation cr\u00e9ation, modification, suppression dimensionner de la diffusion et conseil sur le choix tarifaire de Microsoft si vous choisissez cette solution Tester et valider de la solution de diffusion La mise en oeuvre de la diffusion choisie &nbsp; Comparateur. des solution de [&hellip;]<\/p>\n","protected":false},"author":1,"featured_media":0,"parent":42,"menu_order":0,"comment_status":"closed","ping_status":"closed","template":"","meta":[],"yoast_head":"<!-- This site is optimized with the Yoast SEO plugin v20.10 - https:\/\/yoast.com\/wordpress\/plugins\/seo\/ -->\n<title>Mission Finance - Power BI service - Diffusion Collaborateurs<\/title>\n<meta name=\"description\" content=\"Power BI service est un service cloud qui vous permet de publier et partager vos rapport. Interventions Lorient Vannes et Bretagne\" \/>\n<meta name=\"robots\" content=\"index, follow, max-snippet:-1, max-image-preview:large, max-video-preview:-1\" \/>\n<link rel=\"canonical\" href=\"https:\/\/www.missionfinance.fr\/index.php\/home\/powerbi-vannes\/power-bi-service\/\" \/>\n<meta property=\"og:locale\" content=\"fr_FR\" \/>\n<meta property=\"og:type\" content=\"article\" \/>\n<meta property=\"og:title\" content=\"Mission Finance - Power BI service - Diffusion Collaborateurs\" \/>\n<meta property=\"og:description\" content=\"Power BI service est un service cloud qui vous permet de publier et partager vos rapport. Interventions Lorient Vannes et Bretagne\" \/>\n<meta property=\"og:url\" content=\"https:\/\/www.missionfinance.fr\/index.php\/home\/powerbi-vannes\/power-bi-service\/\" \/>\n<meta property=\"og:site_name\" content=\"Mission Finance\" \/>\n<meta property=\"article:modified_time\" content=\"2023-06-07T14:23:18+00:00\" \/>\n<meta property=\"og:image\" content=\"http:\/\/www.missionfinance.fr\/wp-content\/uploads\/2023\/05\/2220244171-DiagrammePowerBI.jpg\" \/>\n<meta name=\"twitter:card\" content=\"summary_large_image\" \/>\n<meta name=\"twitter:label1\" content=\"Dur\u00e9e de lecture estim\u00e9e\" \/>\n\t<meta name=\"twitter:data1\" content=\"3 minutes\" \/>\n<script type=\"application\/ld+json\" class=\"yoast-schema-graph\">{\"@context\":\"https:\/\/schema.org\",\"@graph\":[{\"@type\":\"WebPage\",\"@id\":\"https:\/\/www.missionfinance.fr\/index.php\/home\/powerbi-vannes\/power-bi-service\/\",\"url\":\"https:\/\/www.missionfinance.fr\/index.php\/home\/powerbi-vannes\/power-bi-service\/\",\"name\":\"Mission Finance - Power BI service - Diffusion Collaborateurs\",\"isPartOf\":{\"@id\":\"https:\/\/www.missionfinance.fr\/#website\"},\"datePublished\":\"2019-12-01T18:04:50+00:00\",\"dateModified\":\"2023-06-07T14:23:18+00:00\",\"description\":\"Power BI service est un service cloud qui vous permet de publier et partager vos rapport. Interventions Lorient Vannes et Bretagne\",\"breadcrumb\":{\"@id\":\"https:\/\/www.missionfinance.fr\/index.php\/home\/powerbi-vannes\/power-bi-service\/#breadcrumb\"},\"inLanguage\":\"fr-FR\",\"potentialAction\":[{\"@type\":\"ReadAction\",\"target\":[\"https:\/\/www.missionfinance.fr\/index.php\/home\/powerbi-vannes\/power-bi-service\/\"]}]},{\"@type\":\"BreadcrumbList\",\"@id\":\"https:\/\/www.missionfinance.fr\/index.php\/home\/powerbi-vannes\/power-bi-service\/#breadcrumb\",\"itemListElement\":[{\"@type\":\"ListItem\",\"position\":1,\"name\":\"Accueil\",\"item\":\"https:\/\/www.missionfinance.fr\/\"},{\"@type\":\"ListItem\",\"position\":2,\"name\":\"Home\",\"item\":\"https:\/\/www.missionfinance.fr\/\"},{\"@type\":\"ListItem\",\"position\":3,\"name\":\"Services\",\"item\":\"https:\/\/www.missionfinance.fr\/index.php\/home\/powerbi-vannes\/\"},{\"@type\":\"ListItem\",\"position\":4,\"name\":\"Diffusion Collaborateurs\"}]},{\"@type\":\"WebSite\",\"@id\":\"https:\/\/www.missionfinance.fr\/#website\",\"url\":\"https:\/\/www.missionfinance.fr\/\",\"name\":\"Mission Finance\",\"description\":\"Avec Mission finance, r\u00e9alisez vos tableaux de bord avec POWER BI\",\"publisher\":{\"@id\":\"https:\/\/www.missionfinance.fr\/#organization\"},\"potentialAction\":[{\"@type\":\"SearchAction\",\"target\":{\"@type\":\"EntryPoint\",\"urlTemplate\":\"https:\/\/www.missionfinance.fr\/?s={search_term_string}\"},\"query-input\":\"required name=search_term_string\"}],\"inLanguage\":\"fr-FR\"},{\"@type\":\"Organization\",\"@id\":\"https:\/\/www.missionfinance.fr\/#organization\",\"name\":\"Mission Finance\",\"url\":\"https:\/\/www.missionfinance.fr\/\",\"logo\":{\"@type\":\"ImageObject\",\"inLanguage\":\"fr-FR\",\"@id\":\"https:\/\/www.missionfinance.fr\/#\/schema\/logo\/image\/\",\"url\":\"https:\/\/www.missionfinance.fr\/wp-content\/uploads\/2023\/05\/LogoMissionFinancePNG.png\",\"contentUrl\":\"https:\/\/www.missionfinance.fr\/wp-content\/uploads\/2023\/05\/LogoMissionFinancePNG.png\",\"width\":164,\"height\":76,\"caption\":\"Mission Finance\"},\"image\":{\"@id\":\"https:\/\/www.missionfinance.fr\/#\/schema\/logo\/image\/\"}}]}<\/script>\n<!-- \/ Yoast SEO plugin. -->","yoast_head_json":{"title":"Mission Finance - Power BI service - Diffusion Collaborateurs","description":"Power BI service est un service cloud qui vous permet de publier et partager vos rapport. Interventions Lorient Vannes et Bretagne","robots":{"index":"index","follow":"follow","max-snippet":"max-snippet:-1","max-image-preview":"max-image-preview:large","max-video-preview":"max-video-preview:-1"},"canonical":"https:\/\/www.missionfinance.fr\/index.php\/home\/powerbi-vannes\/power-bi-service\/","og_locale":"fr_FR","og_type":"article","og_title":"Mission Finance - Power BI service - Diffusion Collaborateurs","og_description":"Power BI service est un service cloud qui vous permet de publier et partager vos rapport. Interventions Lorient Vannes et Bretagne","og_url":"https:\/\/www.missionfinance.fr\/index.php\/home\/powerbi-vannes\/power-bi-service\/","og_site_name":"Mission Finance","article_modified_time":"2023-06-07T14:23:18+00:00","og_image":[{"url":"http:\/\/www.missionfinance.fr\/wp-content\/uploads\/2023\/05\/2220244171-DiagrammePowerBI.jpg"}],"twitter_card":"summary_large_image","twitter_misc":{"Dur\u00e9e de lecture estim\u00e9e":"3 minutes"},"schema":{"@context":"https:\/\/schema.org","@graph":[{"@type":"WebPage","@id":"https:\/\/www.missionfinance.fr\/index.php\/home\/powerbi-vannes\/power-bi-service\/","url":"https:\/\/www.missionfinance.fr\/index.php\/home\/powerbi-vannes\/power-bi-service\/","name":"Mission Finance - Power BI service - Diffusion Collaborateurs","isPartOf":{"@id":"https:\/\/www.missionfinance.fr\/#website"},"datePublished":"2019-12-01T18:04:50+00:00","dateModified":"2023-06-07T14:23:18+00:00","description":"Power BI service est un service cloud qui vous permet de publier et partager vos rapport. Interventions Lorient Vannes et Bretagne","breadcrumb":{"@id":"https:\/\/www.missionfinance.fr\/index.php\/home\/powerbi-vannes\/power-bi-service\/#breadcrumb"},"inLanguage":"fr-FR","potentialAction":[{"@type":"ReadAction","target":["https:\/\/www.missionfinance.fr\/index.php\/home\/powerbi-vannes\/power-bi-service\/"]}]},{"@type":"BreadcrumbList","@id":"https:\/\/www.missionfinance.fr\/index.php\/home\/powerbi-vannes\/power-bi-service\/#breadcrumb","itemListElement":[{"@type":"ListItem","position":1,"name":"Accueil","item":"https:\/\/www.missionfinance.fr\/"},{"@type":"ListItem","position":2,"name":"Home","item":"https:\/\/www.missionfinance.fr\/"},{"@type":"ListItem","position":3,"name":"Services","item":"https:\/\/www.missionfinance.fr\/index.php\/home\/powerbi-vannes\/"},{"@type":"ListItem","position":4,"name":"Diffusion Collaborateurs"}]},{"@type":"WebSite","@id":"https:\/\/www.missionfinance.fr\/#website","url":"https:\/\/www.missionfinance.fr\/","name":"Mission Finance","description":"Avec Mission finance, r\u00e9alisez vos tableaux de bord avec POWER BI","publisher":{"@id":"https:\/\/www.missionfinance.fr\/#organization"},"potentialAction":[{"@type":"SearchAction","target":{"@type":"EntryPoint","urlTemplate":"https:\/\/www.missionfinance.fr\/?s={search_term_string}"},"query-input":"required name=search_term_string"}],"inLanguage":"fr-FR"},{"@type":"Organization","@id":"https:\/\/www.missionfinance.fr\/#organization","name":"Mission Finance","url":"https:\/\/www.missionfinance.fr\/","logo":{"@type":"ImageObject","inLanguage":"fr-FR","@id":"https:\/\/www.missionfinance.fr\/#\/schema\/logo\/image\/","url":"https:\/\/www.missionfinance.fr\/wp-content\/uploads\/2023\/05\/LogoMissionFinancePNG.png","contentUrl":"https:\/\/www.missionfinance.fr\/wp-content\/uploads\/2023\/05\/LogoMissionFinancePNG.png","width":164,"height":76,"caption":"Mission Finance"},"image":{"@id":"https:\/\/www.missionfinance.fr\/#\/schema\/logo\/image\/"}}]}},"_links":{"self":[{"href":"https:\/\/www.missionfinance.fr\/index.php\/wp-json\/wp\/v2\/pages\/161"}],"collection":[{"href":"https:\/\/www.missionfinance.fr\/index.php\/wp-json\/wp\/v2\/pages"}],"about":[{"href":"https:\/\/www.missionfinance.fr\/index.php\/wp-json\/wp\/v2\/types\/page"}],"author":[{"embeddable":true,"href":"https:\/\/www.missionfinance.fr\/index.php\/wp-json\/wp\/v2\/users\/1"}],"replies":[{"embeddable":true,"href":"https:\/\/www.missionfinance.fr\/index.php\/wp-json\/wp\/v2\/comments?post=161"}],"version-history":[{"count":58,"href":"https:\/\/www.missionfinance.fr\/index.php\/wp-json\/wp\/v2\/pages\/161\/revisions"}],"predecessor-version":[{"id":1924,"href":"https:\/\/www.missionfinance.fr\/index.php\/wp-json\/wp\/v2\/pages\/161\/revisions\/1924"}],"up":[{"embeddable":true,"href":"https:\/\/www.missionfinance.fr\/index.php\/wp-json\/wp\/v2\/pages\/42"}],"wp:attachment":[{"href":"https:\/\/www.missionfinance.fr\/index.php\/wp-json\/wp\/v2\/media?parent=161"}],"curies":[{"name":"wp","href":"https:\/\/api.w.org\/{rel}","templated":true}]}}