{"id":155,"date":"2019-12-01T18:38:15","date_gmt":"2019-12-01T17:38:15","guid":{"rendered":"http:\/\/www.missionfinance.fr\/?page_id=155"},"modified":"2023-06-07T16:21:54","modified_gmt":"2023-06-07T14:21:54","slug":"power-bi-lorient","status":"publish","type":"page","link":"https:\/\/www.missionfinance.fr\/index.php\/power-bi\/powerbi-vannes\/power-bi-lorient\/","title":{"rendered":"R\u00e9alisation"},"content":{"rendered":"\r\n<figure class=\"wp-block-image is-resized\"><\/figure>\r\n\r\n<h1>Mission Finance r\u00e9alise vos tableaux de bords<\/h1>\r\n<h2>L&rsquo;eco-syst\u00e8me Power BI<\/h2>\r\n<p>Le diagramme ci-dessous illustre les diff\u00e9rents \u00e9l\u00e9ments entrant dans la conception d&rsquo;un syst\u00e8me de reporting Power BI.<\/p>\r\n<p>De gauche \u00e0 droite :<\/p>\r\n<ol>\r\n<li><strong>Les sources de donn\u00e9es<\/strong> : commen\u00e7ons par Identifier et localiser les sources base de donn\u00e9e SQL, SAGE X3, Dynamics, OneDrive Excel etc &#8230;\u00a0<\/li>\r\n<li><strong>Ensuite, Power BI DeskTop &#8211; Requ\u00eates<\/strong> : continuons en int\u00e9grant vos donn\u00e9es dans l&rsquo;outil <a href=\"https:\/\/fr.wikipedia.org\/wiki\/Extract-transform-load\" target=\"_blank\" rel=\"noopener\">ETL<\/a> (Extract, Transform &amp; Load) Power Query. Il existe des dizaines de <a href=\"https:\/\/learn.microsoft.com\/fr-fr\/power-query\/connectors\/\" target=\"_blank\" rel=\"noopener\">connecteurs Power BI<\/a> \u00e0 tout type de donn\u00e9e<\/li>\r\n<li><strong>\u00a0et Power BI DeskTop &#8211; Donn\u00e9es :<\/strong> Concevons le mod\u00e8le de donn\u00e9e de power BI Lorient comprenant les tables de faits et les Dimension.<\/li>\r\n<li><strong>Enfin, Power BI DeskTop &#8211; Rapports<\/strong> : R\u00e9alisons les rapports suivants les KPI et indicateurs demand\u00e9s. Je peux int\u00e9grer votre charte de couleur ou vous proposer une.<\/li>\r\n<\/ol>\r\n<figure id=\"attachment_218\" aria-describedby=\"caption-attachment-218\" style=\"width: 2150px\" class=\"wp-caption alignnone\"><a href=\"http:\/\/www.missionfinance.fr\/index.php\/power-bi-clients\/schema-pbi_p001\/\" target=\"_blank\" rel=\"attachment noopener wp-att-218\"><img decoding=\"async\" loading=\"lazy\" class=\"wp-image-218 size-full\" src=\"https:\/\/www.missionfinance.fr\/wp-content\/uploads\/2019\/12\/Schema-PBI_p001.jpg\" alt=\"Mission Finance Power BI Lorient Diagramme ; Mission Finance examine votre syst\u00e8me d'information\" width=\"2150\" height=\"1275\" srcset=\"https:\/\/www.missionfinance.fr\/wp-content\/uploads\/2019\/12\/Schema-PBI_p001.jpg 2150w, https:\/\/www.missionfinance.fr\/wp-content\/uploads\/2019\/12\/Schema-PBI_p001-300x178.jpg 300w, https:\/\/www.missionfinance.fr\/wp-content\/uploads\/2019\/12\/Schema-PBI_p001-768x455.jpg 768w, https:\/\/www.missionfinance.fr\/wp-content\/uploads\/2019\/12\/Schema-PBI_p001-1024x607.jpg 1024w\" sizes=\"(max-width: 2150px) 100vw, 2150px\" \/><\/a><figcaption id=\"caption-attachment-218\" class=\"wp-caption-text\">Diagramme Power BI : nous abordons, dans cette phase, uniquement la partie gauche du diagramme soit les sources et le pav\u00e9 \u00ab\u00a0Power BI DeskTop\u00a0\u00bb. La partie \u00ab\u00a0Power BI Service\u00a0\u00bb sera examin\u00e9e dans l&rsquo;\u00e9tape suivante \u00ab\u00a0diffusion de l&rsquo;information\u00a0\u00bb<\/figcaption><\/figure>\r\n<p>&nbsp;<\/p>\r\n<h2>La r\u00e9alisation des rapports<\/h2>\r\n<h3><strong>Identification des<\/strong> sources<strong> de donn\u00e9es : <\/strong><\/h3>\r\n<p>En fonction des indicateurs et KPI choisi, Mission Finance identifie et localise les sources de donn\u00e9es. Cette \u00e9tape comprend l&rsquo;analyse de la s\u00e9curit\u00e9 des connexions.<\/p>\r\n<ul>\r\n<li>\r\n<h4><strong>Power BI DeskTop &#8211; Requ\u00eates :<\/strong><\/h4>\r\n<ul>\r\n<li>\r\n<h5>Int\u00e9gration des donn\u00e9es dans l&rsquo;outil <a href=\"https:\/\/fr.wikipedia.org\/wiki\/Extract-transform-load\">ETL<\/a> <a href=\"https:\/\/en.wikipedia.org\/wiki\/Power_Query\" target=\"_blank\" rel=\"noopener\">Power Query<\/a> :<\/h5>\r\n<ul>\r\n<li>Source de donn\u00e9es principale :\u00a0 Mission Finance se connecte \u00e0 de nombreuses bases de donn\u00e9es (Base SQL, SAP, SAGE X3..).\u00a0 Ce travail consiste \u00e0\u00a0 param\u00e9trer la connexion aux diff\u00e9rents fichiers de la base de donn\u00e9es en respectant les r\u00e8gles de s\u00e9curit\u00e9<\/li>\r\n<li>Sources secondaires : Mission Finance int\u00e8gre les sources WEB comme les taux de changes, une application budget, etc&#8230;<\/li>\r\n<li>Dimension dates : Mission Finance int\u00e8gre \u00e9galement gratuitement une \u00ab\u00a0table des Dates\u00a0\u00bb standard ou personnalis\u00e9es en fonction de requ\u00eates sp\u00e9cifiques (gestion des semaines 4-4-5 par exemple)<\/li>\r\n<\/ul>\r\n<\/li>\r\n<li>\r\n<h5>transformation des donn\u00e9es pour les rendre compr\u00e9hensible avec Power Query :<\/h5>\r\n<ul>\r\n<li>\r\n<p>Mise en forme des donn\u00e9es o\u00f9 chaque type de donn\u00e9e est class\u00e9e en colonne.<\/p>\r\n<\/li>\r\n<li>\r\n<p>Ensuite, si possible, cr\u00e9ation des tables de dimensions d&rsquo;analyse \u00e0 partir du fichier source (Dim Clients, Produits, Revendeurs, Commerciaux , Pays, etc&#8230;)<\/p>\r\n<\/li>\r\n<li>\r\n<p>Cette phase identifie chaque colonne par un type de donn\u00e9e (texte, nombre, etc..)<\/p>\r\n<\/li>\r\n<li>\r\n<p>Construction de tables interm\u00e9diaires servant \u00e0 la r\u00e9alisation d&rsquo;\u00e9tats complexes : Les \u00e9tats financiers compte de r\u00e9sultat,bilan et flux de tr\u00e9sorerie n\u00e9cessitent de s&rsquo;appuyer sur des tables interm\u00e9diaires pour cr\u00e9er les calculs DAX appropri\u00e9s<\/p>\r\n<\/li>\r\n<\/ul>\r\n<\/li>\r\n<\/ul>\r\n<\/li>\r\n<\/ul>\r\n<h3>Conception du mod\u00e8le de d<strong>onn\u00e9es :<\/strong><\/h3>\r\n<ul>\r\n<li style=\"list-style-type: none;\">\r\n<ul>\r\n<li>Mission Finance r\u00e9alise votre mod\u00e8le de donn\u00e9es comprenant les tables de faits (donn\u00e9es) et les dimensions d&rsquo;analyse<\/li>\r\n<li>Ensuite, Mise en place des relations entres les tables du mod\u00e8le Power BI. Les tables sont connect\u00e9es via des \u00ab\u00a0relations\u00a0\u00bb. Il est primordial de bien r\u00e9fl\u00e9chir au mod\u00e8le de donn\u00e9es et le maintenir le plus simple possible en respectant les mod\u00e8les de <a href=\"https:\/\/www.google.com\/url?sa=t&amp;rct=j&amp;q=&amp;esrc=s&amp;source=web&amp;cd=&amp;cad=rja&amp;uact=8&amp;ved=2ahUKEwjqsPbHiev-AhWSTaQEHWZsDpAQFnoECDcQAQ&amp;url=https%3A%2F%2Fwww.kimballgroup.com%2Fdata-warehouse-business-intelligence-resources%2Fkimball-techniques%2Fdimensional-modeling-techniques%2F&amp;usg=AOvVaw2zV6zpNSAYPJ1EZSAWIUXQ\" target=\"_blank\" rel=\"noopener\">Kimball<\/a>.\u00a0 Les calculs (mesures Power BI) en seront simplifi\u00e9s.<\/li>\r\n<\/ul>\r\n<\/li>\r\n<\/ul>\r\n<h3><strong>R\u00e9alisation des rapports Power BI desktop\u00a0 : <\/strong><\/h3>\r\n<ul>\r\n<li style=\"list-style-type: none;\">\r\n<ul>\r\n<li>\r\n<h4>Mission Finance r\u00e9alise vos maquettes de rapports Power BI (Desktop) et comprend les \u00e9tapes suivantes :<\/h4>\r\n<ul>\r\n<li>Construction des indicateurs choisis \u00e0 l&rsquo;aide du <a href=\"https:\/\/www.google.com\/search?client=firefox-b-d&amp;q=langage+DAX\" target=\"_blank\" rel=\"noopener\">langage DAX<\/a> : ce langage permet la r\u00e9utilisation des <a href=\"https:\/\/www.google.com\/url?sa=t&amp;rct=j&amp;q=&amp;esrc=s&amp;source=web&amp;cd=&amp;cad=rja&amp;uact=8&amp;ved=2ahUKEwifguv3_Or-AhURdaQEHZ4gBcUQFnoECBIQAQ&amp;url=https%3A%2F%2Flearn.microsoft.com%2Ffr-fr%2Fpower-bi%2Ftransform-model%2Fdesktop-measures&amp;usg=AOvVaw1li9dUlew1he65tpuv66_d\">mesures<\/a> (calculs) dans d&rsquo;autres mesures et assure une meilleure lisibilit\u00e9 de l&rsquo;application, acc\u00e9l\u00e8re le d\u00e9veloppement et la maintenance<\/li>\r\n<li>Ensuite la Maquette : il s&rsquo;agit de choisir la meilleure fa\u00e7on de rendre l&rsquo;information lisible par le choix de courbes, graphes. Il est essentiel de d\u00e9finir \u00e0 ce stade une charte de couleur<\/li>\r\n<li>Enfin, le test de la maquette : Mise en test de l&rsquo;application sur une courte p\u00e9riode et sur un public choisi et restreint<\/li>\r\n<\/ul>\r\n<\/li>\r\n<\/ul>\r\n<\/li>\r\n<\/ul>\r\n<h3><strong>Validation de l&rsquo;application : <\/strong><\/h3>\r\n<ul>\r\n<li style=\"list-style-type: none;\">\r\n<ul>\r\n<li style=\"list-style-type: none;\">\r\n<ul>\r\n<li>l&rsquo;application est conforme aux demandes et au cahier des charges et est pr\u00eate \u00e0 \u00eatre diffus\u00e9e<\/li>\r\n<li>\u00a0Ensuite, le proc\u00e8s verbal de r\u00e9ception de l&rsquo;application est propos\u00e9 pour validation<\/li>\r\n<\/ul>\r\n<\/li>\r\n<\/ul>\r\n<\/li>\r\n<\/ul>\r\n<p>&nbsp;<\/p>\r\n<p><strong>Enfin, l&rsquo;application est pr\u00eate pour la <\/strong><a href=\"http:\/\/www.missionfinance.fr\/index.php\/power-bi-service\/\"><strong>communication aux collaborateurs<\/strong><\/a><\/p>\r\n<p>&nbsp;<\/p>\r\n<p><a href=\"http:\/\/www.missionfinance.fr\/\">Retour \u00e0 la page d&rsquo;accueil<\/a><\/p>\r\n<div>\u00a0<\/div>","protected":false},"excerpt":{"rendered":"<p>Mission Finance r\u00e9alise vos tableaux de bords L&rsquo;eco-syst\u00e8me Power BI Le diagramme ci-dessous illustre les diff\u00e9rents \u00e9l\u00e9ments entrant dans la conception d&rsquo;un syst\u00e8me de reporting Power BI. De gauche \u00e0 droite : Les sources de donn\u00e9es : commen\u00e7ons par Identifier et localiser les sources base de donn\u00e9e SQL, SAGE X3, Dynamics, OneDrive Excel etc &#8230;\u00a0 [&hellip;]<\/p>\n","protected":false},"author":1,"featured_media":0,"parent":42,"menu_order":0,"comment_status":"closed","ping_status":"closed","template":"","meta":[],"yoast_head":"<!-- This site is optimized with the Yoast SEO plugin v20.10 - https:\/\/yoast.com\/wordpress\/plugins\/seo\/ -->\n<title>Mission Finance - Power BI Lorient - Vannes - Bretagne<\/title>\n<meta name=\"description\" content=\"Mission Finance Power BI Lorient identifie vos sources de donn\u00e9es, les integrent \u00e0 l&#039;aide de Power Query et con\u00e7oit les visuels dans Power BI\" \/>\n<meta name=\"robots\" content=\"index, follow, max-snippet:-1, max-image-preview:large, max-video-preview:-1\" \/>\n<link rel=\"canonical\" href=\"https:\/\/www.missionfinance.fr\/index.php\/home\/powerbi-vannes\/power-bi-lorient\/\" \/>\n<meta property=\"og:locale\" content=\"fr_FR\" \/>\n<meta property=\"og:type\" content=\"article\" \/>\n<meta property=\"og:title\" content=\"Mission Finance - Power BI Lorient - Vannes - Bretagne\" \/>\n<meta property=\"og:description\" content=\"Mission Finance Power BI Lorient identifie vos sources de donn\u00e9es, les integrent \u00e0 l&#039;aide de Power Query et con\u00e7oit les visuels dans Power BI\" \/>\n<meta property=\"og:url\" content=\"https:\/\/www.missionfinance.fr\/index.php\/home\/powerbi-vannes\/power-bi-lorient\/\" \/>\n<meta property=\"og:site_name\" content=\"Mission Finance\" \/>\n<meta property=\"article:modified_time\" content=\"2023-06-07T14:21:54+00:00\" \/>\n<meta property=\"og:image\" content=\"https:\/\/www.missionfinance.fr\/wp-content\/uploads\/2019\/12\/Schema-PBI_p001.jpg\" \/>\n<meta name=\"twitter:card\" content=\"summary_large_image\" \/>\n<meta name=\"twitter:label1\" content=\"Dur\u00e9e de lecture estim\u00e9e\" \/>\n\t<meta name=\"twitter:data1\" content=\"4 minutes\" \/>\n<script type=\"application\/ld+json\" class=\"yoast-schema-graph\">{\"@context\":\"https:\/\/schema.org\",\"@graph\":[{\"@type\":\"WebPage\",\"@id\":\"https:\/\/www.missionfinance.fr\/index.php\/home\/powerbi-vannes\/power-bi-lorient\/\",\"url\":\"https:\/\/www.missionfinance.fr\/index.php\/home\/powerbi-vannes\/power-bi-lorient\/\",\"name\":\"Mission Finance - Power BI Lorient - Vannes - Bretagne\",\"isPartOf\":{\"@id\":\"https:\/\/www.missionfinance.fr\/#website\"},\"datePublished\":\"2019-12-01T17:38:15+00:00\",\"dateModified\":\"2023-06-07T14:21:54+00:00\",\"description\":\"Mission Finance Power BI Lorient identifie vos sources de donn\u00e9es, les integrent \u00e0 l'aide de Power Query et con\u00e7oit les visuels dans Power BI\",\"breadcrumb\":{\"@id\":\"https:\/\/www.missionfinance.fr\/index.php\/home\/powerbi-vannes\/power-bi-lorient\/#breadcrumb\"},\"inLanguage\":\"fr-FR\",\"potentialAction\":[{\"@type\":\"ReadAction\",\"target\":[\"https:\/\/www.missionfinance.fr\/index.php\/home\/powerbi-vannes\/power-bi-lorient\/\"]}]},{\"@type\":\"BreadcrumbList\",\"@id\":\"https:\/\/www.missionfinance.fr\/index.php\/home\/powerbi-vannes\/power-bi-lorient\/#breadcrumb\",\"itemListElement\":[{\"@type\":\"ListItem\",\"position\":1,\"name\":\"Accueil\",\"item\":\"https:\/\/www.missionfinance.fr\/\"},{\"@type\":\"ListItem\",\"position\":2,\"name\":\"Home\",\"item\":\"https:\/\/www.missionfinance.fr\/\"},{\"@type\":\"ListItem\",\"position\":3,\"name\":\"Services\",\"item\":\"https:\/\/www.missionfinance.fr\/index.php\/home\/powerbi-vannes\/\"},{\"@type\":\"ListItem\",\"position\":4,\"name\":\"R\u00e9alisation\"}]},{\"@type\":\"WebSite\",\"@id\":\"https:\/\/www.missionfinance.fr\/#website\",\"url\":\"https:\/\/www.missionfinance.fr\/\",\"name\":\"Mission Finance\",\"description\":\"Avec Mission finance, r\u00e9alisez vos tableaux de bord avec POWER BI\",\"publisher\":{\"@id\":\"https:\/\/www.missionfinance.fr\/#organization\"},\"potentialAction\":[{\"@type\":\"SearchAction\",\"target\":{\"@type\":\"EntryPoint\",\"urlTemplate\":\"https:\/\/www.missionfinance.fr\/?s={search_term_string}\"},\"query-input\":\"required name=search_term_string\"}],\"inLanguage\":\"fr-FR\"},{\"@type\":\"Organization\",\"@id\":\"https:\/\/www.missionfinance.fr\/#organization\",\"name\":\"Mission Finance\",\"url\":\"https:\/\/www.missionfinance.fr\/\",\"logo\":{\"@type\":\"ImageObject\",\"inLanguage\":\"fr-FR\",\"@id\":\"https:\/\/www.missionfinance.fr\/#\/schema\/logo\/image\/\",\"url\":\"https:\/\/www.missionfinance.fr\/wp-content\/uploads\/2023\/05\/LogoMissionFinancePNG.png\",\"contentUrl\":\"https:\/\/www.missionfinance.fr\/wp-content\/uploads\/2023\/05\/LogoMissionFinancePNG.png\",\"width\":164,\"height\":76,\"caption\":\"Mission Finance\"},\"image\":{\"@id\":\"https:\/\/www.missionfinance.fr\/#\/schema\/logo\/image\/\"}}]}<\/script>\n<!-- \/ Yoast SEO plugin. -->","yoast_head_json":{"title":"Mission Finance - Power BI Lorient - Vannes - Bretagne","description":"Mission Finance Power BI Lorient identifie vos sources de donn\u00e9es, les integrent \u00e0 l'aide de Power Query et con\u00e7oit les visuels dans Power BI","robots":{"index":"index","follow":"follow","max-snippet":"max-snippet:-1","max-image-preview":"max-image-preview:large","max-video-preview":"max-video-preview:-1"},"canonical":"https:\/\/www.missionfinance.fr\/index.php\/home\/powerbi-vannes\/power-bi-lorient\/","og_locale":"fr_FR","og_type":"article","og_title":"Mission Finance - Power BI Lorient - Vannes - Bretagne","og_description":"Mission Finance Power BI Lorient identifie vos sources de donn\u00e9es, les integrent \u00e0 l'aide de Power Query et con\u00e7oit les visuels dans Power BI","og_url":"https:\/\/www.missionfinance.fr\/index.php\/home\/powerbi-vannes\/power-bi-lorient\/","og_site_name":"Mission Finance","article_modified_time":"2023-06-07T14:21:54+00:00","og_image":[{"url":"https:\/\/www.missionfinance.fr\/wp-content\/uploads\/2019\/12\/Schema-PBI_p001.jpg"}],"twitter_card":"summary_large_image","twitter_misc":{"Dur\u00e9e de lecture estim\u00e9e":"4 minutes"},"schema":{"@context":"https:\/\/schema.org","@graph":[{"@type":"WebPage","@id":"https:\/\/www.missionfinance.fr\/index.php\/home\/powerbi-vannes\/power-bi-lorient\/","url":"https:\/\/www.missionfinance.fr\/index.php\/home\/powerbi-vannes\/power-bi-lorient\/","name":"Mission Finance - Power BI Lorient - Vannes - Bretagne","isPartOf":{"@id":"https:\/\/www.missionfinance.fr\/#website"},"datePublished":"2019-12-01T17:38:15+00:00","dateModified":"2023-06-07T14:21:54+00:00","description":"Mission Finance Power BI Lorient identifie vos sources de donn\u00e9es, les integrent \u00e0 l'aide de Power Query et con\u00e7oit les visuels dans Power BI","breadcrumb":{"@id":"https:\/\/www.missionfinance.fr\/index.php\/home\/powerbi-vannes\/power-bi-lorient\/#breadcrumb"},"inLanguage":"fr-FR","potentialAction":[{"@type":"ReadAction","target":["https:\/\/www.missionfinance.fr\/index.php\/home\/powerbi-vannes\/power-bi-lorient\/"]}]},{"@type":"BreadcrumbList","@id":"https:\/\/www.missionfinance.fr\/index.php\/home\/powerbi-vannes\/power-bi-lorient\/#breadcrumb","itemListElement":[{"@type":"ListItem","position":1,"name":"Accueil","item":"https:\/\/www.missionfinance.fr\/"},{"@type":"ListItem","position":2,"name":"Home","item":"https:\/\/www.missionfinance.fr\/"},{"@type":"ListItem","position":3,"name":"Services","item":"https:\/\/www.missionfinance.fr\/index.php\/home\/powerbi-vannes\/"},{"@type":"ListItem","position":4,"name":"R\u00e9alisation"}]},{"@type":"WebSite","@id":"https:\/\/www.missionfinance.fr\/#website","url":"https:\/\/www.missionfinance.fr\/","name":"Mission Finance","description":"Avec Mission finance, r\u00e9alisez vos tableaux de bord avec POWER BI","publisher":{"@id":"https:\/\/www.missionfinance.fr\/#organization"},"potentialAction":[{"@type":"SearchAction","target":{"@type":"EntryPoint","urlTemplate":"https:\/\/www.missionfinance.fr\/?s={search_term_string}"},"query-input":"required name=search_term_string"}],"inLanguage":"fr-FR"},{"@type":"Organization","@id":"https:\/\/www.missionfinance.fr\/#organization","name":"Mission Finance","url":"https:\/\/www.missionfinance.fr\/","logo":{"@type":"ImageObject","inLanguage":"fr-FR","@id":"https:\/\/www.missionfinance.fr\/#\/schema\/logo\/image\/","url":"https:\/\/www.missionfinance.fr\/wp-content\/uploads\/2023\/05\/LogoMissionFinancePNG.png","contentUrl":"https:\/\/www.missionfinance.fr\/wp-content\/uploads\/2023\/05\/LogoMissionFinancePNG.png","width":164,"height":76,"caption":"Mission Finance"},"image":{"@id":"https:\/\/www.missionfinance.fr\/#\/schema\/logo\/image\/"}}]}},"_links":{"self":[{"href":"https:\/\/www.missionfinance.fr\/index.php\/wp-json\/wp\/v2\/pages\/155"}],"collection":[{"href":"https:\/\/www.missionfinance.fr\/index.php\/wp-json\/wp\/v2\/pages"}],"about":[{"href":"https:\/\/www.missionfinance.fr\/index.php\/wp-json\/wp\/v2\/types\/page"}],"author":[{"embeddable":true,"href":"https:\/\/www.missionfinance.fr\/index.php\/wp-json\/wp\/v2\/users\/1"}],"replies":[{"embeddable":true,"href":"https:\/\/www.missionfinance.fr\/index.php\/wp-json\/wp\/v2\/comments?post=155"}],"version-history":[{"count":90,"href":"https:\/\/www.missionfinance.fr\/index.php\/wp-json\/wp\/v2\/pages\/155\/revisions"}],"predecessor-version":[{"id":1914,"href":"https:\/\/www.missionfinance.fr\/index.php\/wp-json\/wp\/v2\/pages\/155\/revisions\/1914"}],"up":[{"embeddable":true,"href":"https:\/\/www.missionfinance.fr\/index.php\/wp-json\/wp\/v2\/pages\/42"}],"wp:attachment":[{"href":"https:\/\/www.missionfinance.fr\/index.php\/wp-json\/wp\/v2\/media?parent=155"}],"curies":[{"name":"wp","href":"https:\/\/api.w.org\/{rel}","templated":true}]}}