{"id":137,"date":"2019-12-01T16:27:51","date_gmt":"2019-12-01T15:27:51","guid":{"rendered":"http:\/\/www.missionfinance.fr\/?page_id=137"},"modified":"2023-06-07T16:20:43","modified_gmt":"2023-06-07T14:20:43","slug":"power-bi-kpi","status":"publish","type":"page","link":"https:\/\/www.missionfinance.fr\/index.php\/power-bi\/powerbi-vannes\/power-bi-kpi\/","title":{"rendered":"Indicateurs Cl\u00e9 (KPI)"},"content":{"rendered":"\r\n<h1>Gagnez en visibilit\u00e9 sur la marche de vos affaires avec Power BI KPI<\/h1>\r\n<p>Power BI est une solution de Business Intelligence qui permet de visualiser et analyser les indicateurs cl\u00e9s de performance (KPI). Tous les domaines tels que le marketing, la finance et les ressources humaines sont concern\u00e9s. <br \/>Les KPI sont des outils de mesure essentiels pour \u00e9valuer la performance d\u2019une entreprise et prendre des d\u00e9cisions \u00e9clair\u00e9es.\u00a0<\/p>\r\n<figure id=\"attachment_814\" aria-describedby=\"caption-attachment-814\" style=\"width: 357px\" class=\"wp-caption alignnone\"><img decoding=\"async\" loading=\"lazy\" class=\"wp-image-814\" src=\"http:\/\/www.missionfinance.fr\/wp-content\/uploads\/2021\/06\/IndFin10.jpg\" alt=\"Analyse par Mission Finance de power BI KPIPower BI indicateurs financiers\" width=\"357\" height=\"237\" srcset=\"https:\/\/www.missionfinance.fr\/wp-content\/uploads\/2021\/06\/IndFin10.jpg 626w, https:\/\/www.missionfinance.fr\/wp-content\/uploads\/2021\/06\/IndFin10-300x200.jpg 300w\" sizes=\"(max-width: 357px) 100vw, 357px\" \/><figcaption id=\"caption-attachment-814\" class=\"wp-caption-text\">Mission Finance analyse vos KPI avec Power BI<\/figcaption><\/figure>\r\n<h2 class=\"western\">D\u00e9finition des KPI et Power BI<\/h2>\r\n<h3 class=\"western\">D\u00e9finition des KPI<\/h3>\r\n<p>Un KPI (Key Performance Indicator) ou Indicateur Cl\u00e9 de Performance, est une mesure quantitative qui permet d&rsquo;\u00e9valuer la performance d&rsquo;une entreprise par rapport \u00e0 des objectifs pr\u00e9\u00e9tablis.<\/p>\r\n<p>Les caract\u00e9ristiques g\u00e9n\u00e9rales des KPI sont :<\/p>\r\n<ol>\r\n<li>\r\n<p><strong>Pertinence<\/strong> : Les KPI doivent \u00eatre directement li\u00e9s aux objectifs strat\u00e9giques et op\u00e9rationnels de l&rsquo;entit\u00e9 concern\u00e9e. Ils doivent fournir des informations pertinentes et significatives pour \u00e9valuer la performance et prendre des d\u00e9cisions.<\/p>\r\n<\/li>\r\n<li>\r\n<p><strong>Mesurabilit\u00e9<\/strong> : Les KPI doivent \u00eatre mesurables et quantifiables, de mani\u00e8re \u00e0 pouvoir \u00eatre exprim\u00e9s en termes chiffr\u00e9s. Cela permet de les suivre et de les \u00e9valuer de mani\u00e8re objective.<\/p>\r\n<\/li>\r\n<li>\r\n<p><strong>Alignement<\/strong> : Les KPI doivent \u00eatre align\u00e9s avec la vision, la mission et les valeurs de l&rsquo;entreprise. Ils doivent refl\u00e9ter les aspects cl\u00e9s de la performance qui contribuent \u00e0 la r\u00e9alisation des objectifs organisationnels.<\/p>\r\n<\/li>\r\n<li>\r\n<p><strong>Objectivit\u00e9<\/strong> : Les KPI doivent \u00eatre bas\u00e9s sur des donn\u00e9es objectives et fiables. Ils doivent \u00eatre calcul\u00e9s \u00e0 partir de sources de donn\u00e9es pr\u00e9cises et actualis\u00e9es, afin de garantir leur validit\u00e9 et leur fiabilit\u00e9.<\/p>\r\n<\/li>\r\n<li>\r\n<p><strong>Sp\u00e9cificit\u00e9<\/strong> : Les KPI doivent \u00eatre sp\u00e9cifiques et compr\u00e9hensibles. Ils doivent \u00eatre clairement d\u00e9finis, avec des formules ou des crit\u00e8res explicites, de mani\u00e8re \u00e0 ce que leur signification soit facilement comprise par les parties prenantes.<\/p>\r\n<\/li>\r\n<li>\r\n<p><strong>P\u00e9riodicit\u00e9<\/strong> : Les KPI sont g\u00e9n\u00e9ralement mesur\u00e9s et suivis r\u00e9guli\u00e8rement, \u00e0 des intervalles sp\u00e9cifiques tels que quotidiens, mensuels, ou annuels. Cela permet d&rsquo;observer les tendances, de d\u00e9tecter les variations et de prendre des mesures correctives si n\u00e9cessaire.<\/p>\r\n<\/li>\r\n<\/ol>\r\n<h3>Alignement\u00a0 de KPI \u00e0 la strat\u00e9gie d&rsquo;entreprise<\/h3>\r\n<p id=\"elle-consiste-\u00e0-obtenir-un-avantage-concurrentiel-gr\u00e2ce-\u00e0-la-configuration-des-ressources-de-l-organisation-dans-un-environnemen\">Mission Finance vous aide \u00e0 d\u00e9finir la strat\u00e9gie d&rsquo;entreprise consistant \u00e0 <strong>obtenir un avantage concurrentiel<\/strong> gr\u00e2ce \u00e0 la configuration <strong>des ressources<\/strong> de l&rsquo;organisation dans un environnement changeant, afin de r\u00e9pondre aux <strong>besoins du march\u00e9<\/strong> et aux <strong>attentes des diff\u00e9rentes parties prenantes<\/strong>. Elle concerne les orientations \u00e0 <strong>long terme<\/strong> des activit\u00e9s d&rsquo;une organisation.<\/p>\r\n<p>Le mod\u00e8le des <b>strat\u00e9gies g\u00e9n\u00e9riques<\/b> de <b><a title=\"Michael Porter\" href=\"http:\/\/www.management.wikibis.com\/michael_porter.php\" target=\"_blank\" rel=\"noopener\" data-cke-saved-href=\"http:\/\/www.management.wikibis.com\/michael_porter.php\">Mich\u00e6l Porter<\/a><\/b>, professeur de <a title=\"Strat\u00e9gie d'entreprise\" href=\"http:\/\/www.management.wikibis.com\/strategie_d_entreprise.php\" target=\"_blank\" rel=\"noopener\" data-cke-saved-href=\"http:\/\/www.management.wikibis.com\/strategie_d_entreprise.php\">strat\u00e9gie d&rsquo;entreprise<\/a> \u00e0 l&rsquo;Universit\u00e9 de <a title=\"Harvard\" href=\"http:\/\/fr.wikipedia.org\/wiki\/Universit%c3%a9_Harvard\" target=\"_blank\" rel=\"noopener\" data-cke-saved-href=\"http:\/\/fr.wikipedia.org\/wiki\/Universit%C3%A9_Harvard\">Harvard<\/a>, propose diff\u00e9rentes fa\u00e7ons dont une entreprise peut d\u00e9tenir un <a title=\"Avantage concurrentiel\" href=\"http:\/\/www.management.wikibis.com\/avantage_competitif.php\" target=\"_blank\" rel=\"noopener\" data-cke-saved-href=\"http:\/\/www.management.wikibis.com\/avantage_competitif.php\">avantage concurrentiel<\/a> sur son march\u00e9. Selon Porter, un avantage concurrentiel est durable s&rsquo;il ne peut \u00eatre copi\u00e9, substitu\u00e9 ou \u00e9rod\u00e9 par l&rsquo;action des concurrents, et si l&rsquo;\u00e9volution de l&rsquo;environnement \u00e9conomique ne le rend pas obsol\u00e8te.<\/p>\r\n<figure id=\"attachment_1891\" aria-describedby=\"caption-attachment-1891\" style=\"width: 400px\" class=\"wp-caption alignnone\"><a href=\"https:\/\/www.missionfinance.fr\/strategie-porter\/\"><img decoding=\"async\" loading=\"lazy\" class=\"wp-image-1891 size-full\" src=\"https:\/\/www.missionfinance.fr\/wp-content\/uploads\/2023\/06\/Strategie-Porter.jpg\" alt=\"Diagramme de Porter pour identifier le KPI et les exploiter dans Power BI\" width=\"400\" height=\"256\" srcset=\"https:\/\/www.missionfinance.fr\/wp-content\/uploads\/2023\/06\/Strategie-Porter.jpg 400w, https:\/\/www.missionfinance.fr\/wp-content\/uploads\/2023\/06\/Strategie-Porter-300x192.jpg 300w\" sizes=\"(max-width: 400px) 100vw, 400px\" \/><\/a><figcaption id=\"caption-attachment-1891\" class=\"wp-caption-text\">Les strat\u00e9gies g\u00e9n\u00e9riques de Porter<\/figcaption><\/figure>\r\n<p>En alignant les KPI sur les objectifs strat\u00e9giques, vous pouvez suivre de mani\u00e8re proactive leur progression vers la r\u00e9alisation de leur vision. Vous pouvez alors concentrer les efforts sur les domaines prioritaires et adapter la strat\u00e9gie en fonction de r\u00e9sultats mesurables. <a href=\"https:\/\/fr.wikipedia.org\/wiki\/Indicateur_cl%C3%A9_de_performance\" target=\"_blank\" rel=\"noopener\"><strong>Les indicateurs cl\u00e9<\/strong><\/a> ou <a href=\"https:\/\/tool-advisor.fr\/blog\/kpi-definition\/#kpi-definition\">KPI<\/a> sont choisis par le comit\u00e9 de direction et r\u00e9gissent l&rsquo;ensemble du pilotage de l&rsquo;entreprise.<\/p>\r\n<p>Les plus communs sont des <a href=\"https:\/\/www.lecoindesentrepreneurs.fr\/les-indicateurs-financiers\/\" target=\"_blank\" rel=\"noopener noreferrer\">indicateurs <strong>financiers<\/strong><\/a> tel que le Chiffre d&rsquo;affaires, le r\u00e9sultat (EBIT, R\u00e9sultat d&rsquo;exploitation&#8230;), ou bilan\u00a0 (dividendes, d\u00e9lais de r\u00e9glement &#8230;) ,\u00a0 <strong>commerciaux<\/strong> tels que le nombre de clients nouveaux, le CA des nouveaux produits, le niveaux des stocks ou concernant les <strong>ressources humaines<\/strong> (mouvements de personnels, formation &#8230;). Une liste des KPI courants est disponible <a href=\"https:\/\/tool-advisor.fr\/blog\/kpi-definition\/#kpi-definition\" target=\"_blank\" rel=\"noopener\">ici<\/a><\/p>\r\n<p>La bonne connaissance des indicateurs de gestion \u00e0 suivre est un pr\u00e9alable incontournable \u00e0 la mise en place d&rsquo;un outil de gestion quel qu&rsquo;il soit.<\/p>\r\n<h2>Choix de la solution de Business Intelligence<\/h2>\r\n<p>A ce stade, vous pourrez b\u00e2tir un cahier des charges permettant de s\u00e9lectionner la meilleure solution \u00e0 votre projet. En fonction de votre avancement, Mission Finance prend en charge tout ou partie de cette phase. A titre informatif, voici un <strong><a href=\"https:\/\/www.logiciels.pro\/comparatif-logiciels-saas\/comparatif-logiciels-business-intelligence-analytics\/comparatif-logiciels-business-intelligence\/comparatif-logiciels-de-business-intelligence\/\" target=\"_blank\" rel=\"noopener\">Comparateur<\/a> <\/strong>de solution de BI.<\/p>\r\n<p>&nbsp;<\/p>\r\n<h2>Power BI KPI : Exemple de reporting financier<\/h2>\r\n<p>Mission Finance vous aide dans le choix de vos indicateurs cl\u00e9s et leur mise en oeuvre dans Power BI.<\/p>\r\n<p>A titre d&rsquo;exemple, je vous pr\u00e9sente ci-dessous le reporting financier d&rsquo;une PME abordant pour chaque page du rapport pr\u00e9sente en en-t\u00eate 5 indicateurs cl\u00e9s pour le suivi d&rsquo;un domaine sp\u00e9cifique :<\/p>\r\n<ul>\r\n<li>la rentabilit\u00e9 avec l&rsquo;analyse des soldes\u00a0 interm\u00e9diaires de gestions<\/li>\r\n<li>puis le respect des \u00e9quilibres financiers avec le Bilan Fonctionnel<\/li>\r\n<li>et enfin la gestion du poste client se d\u00e9composant en :<br \/>\r\n<ul>\r\n<li>valeur des cr\u00e9ances clients<\/li>\r\n<li>puis l&rsquo;\u00e9ch\u00e9ancier des r\u00e8glement<\/li>\r\n<li>et enfin le d\u00e9lai moyen de r\u00e8glement (DSO)<\/li>\r\n<\/ul>\r\n<\/li>\r\n<\/ul>\r\n<p>Le \u00ab\u00a0<strong>tableau de bord Finance<\/strong>\u00a0\u00bb est une synth\u00e8se et pr\u00e9sente\u00a0 6 KPI choisis en en-t\u00eate :le chiffre d&rsquo;affaires, le taux de marge %, l&rsquo;EBE, le R\u00e9sultat Net, la tr\u00e9sorerie et le d\u00e9lais de r\u00e9glement Client ou DSO<\/p>\r\n\r\n<p>&nbsp;<\/p>\r\n<p><span style=\"color: #339966;\"><span style=\"color: #008080;\"><strong><a style=\"color: #008080;\" href=\"https:\/\/app.powerbi.com\/view?r=eyJrIjoiN2U2NzMwZjUtMmQyMS00NjA1LTg0NzItYjNiZjk3NDQzNmI4IiwidCI6ImVmOTA0MzExLTJlY2YtNGE4Ni1hNGYwLTlmM2VhZTU4Mjc4ZSIsImMiOjh9\" target=\"_blank\" rel=\"noopener\">\u00a0Cliquez ici<\/a><\/strong><\/span> pour ouvrir le rapport interactif Power BI<br \/><\/span><\/p>\r\n<p><img decoding=\"async\" loading=\"lazy\" class=\"alignnone wp-image-1663\" src=\"https:\/\/www.missionfinance.fr\/wp-content\/uploads\/2023\/05\/reporting-gestion.png\" alt=\"mission finance reporting gestion power BI\" width=\"1051\" height=\"593\" srcset=\"https:\/\/www.missionfinance.fr\/wp-content\/uploads\/2023\/05\/reporting-gestion.png 1787w, https:\/\/www.missionfinance.fr\/wp-content\/uploads\/2023\/05\/reporting-gestion-300x169.png 300w, https:\/\/www.missionfinance.fr\/wp-content\/uploads\/2023\/05\/reporting-gestion-1024x578.png 1024w, https:\/\/www.missionfinance.fr\/wp-content\/uploads\/2023\/05\/reporting-gestion-768x433.png 768w, https:\/\/www.missionfinance.fr\/wp-content\/uploads\/2023\/05\/reporting-gestion-1536x866.png 1536w, https:\/\/www.missionfinance.fr\/wp-content\/uploads\/2023\/05\/reporting-gestion-800x450.png 800w\" sizes=\"(max-width: 1051px) 100vw, 1051px\" \/><\/p>\r\n<p>&nbsp;<\/p>\r\n<h3>Explications compl\u00e9mentaires :<\/h3>\r\n<ul>\r\n<li>Le \u00ab\u00a0tableau de bord finance\u00a0\u00bb pr\u00e9sente les 6 indicateurs et leurs variations par rapport \u00e0 N-1. Il est possible de naviguer en s\u00e9lectionnant les p\u00e9riodes de votre choix en mensuel ou cumul<\/li>\r\n<li>puis le compte de r\u00e9sultat explique la rentabilit\u00e9 de l&rsquo;entreprise avec la variation N-1 et le % par rapport au CA. Chaque visuel permet de \u00ab\u00a0descendre\u00a0\u00bb au niveau de l&rsquo;\u00e9criture comptable<\/li>\r\n<li>Le \u00ab\u00a0bilan fonctionnel\u00a0\u00bb pr\u00e9sente les \u00e9quilibres financiers globaux avec le calcul du fonds de roulement et du BFR. A noter que, le calcul du r\u00e9sultat net mensuel est automatique<\/li>\r\n<li>Ensuite, le \u00ab\u00a0Compte Client\u00a0\u00bb comprend l&rsquo;\u00e9volution du compte client sur 6 mois glissants sans la contrainte de la date de d\u00e9but de l&rsquo;exercice<\/li>\r\n<li>et la\u00a0\u00bbBalance \u00e2g\u00e9e\u00a0\u00bb permet d&rsquo;identifier les bons et mauvais payeurs et de faciliter les pr\u00e9visions de tr\u00e9sorerie<\/li>\r\n<li>enfin le \u00ab\u00a0D\u00e9lai de r\u00e8glement clients\u00a0\u00bb illustre l&rsquo;\u00e9volution du d\u00e9lai en jours et visualise les clients en fonctions de leur comportement de paiement<\/li>\r\n<\/ul>\r\n<p>&nbsp;<\/p>\r\n<p><strong>Continuez votre visite et d\u00e9couvrez la phase <\/strong><a href=\"http:\/\/www.missionfinance.fr\/index.php\/power-bi-lorient\/\"><strong>r\u00e9alisation<\/strong><\/a><\/p>\r\n<div>\u00a0<\/div>\r\n<div>\u00a0<\/div>\r\n<div><a href=\"http:\/\/www.missionfinance.fr\/\">Retour \u00e0 la page d&rsquo;accueil<\/a><\/div>\r\n<div>\u00a0<\/div>\r\n<div>Contactez : <a href=\"mailto:francois.bertazzo@missionfinance.fr\">francois.bertazzo@missionfinance.fr<\/a><\/div>\r\n<p>&nbsp;<\/p>","protected":false},"excerpt":{"rendered":"<p>&nbsp; \u00a0Cliquez ici pour ouvrir le rapport interactif Power BI &nbsp; Explications compl\u00e9mentaires : Le \u00ab\u00a0tableau de bord finance\u00a0\u00bb pr\u00e9sente les 6 indicateurs et leurs variations par rapport \u00e0 N-1. Il est possible de naviguer en s\u00e9lectionnant les p\u00e9riodes de votre choix en mensuel ou cumul puis le compte de r\u00e9sultat explique la rentabilit\u00e9 de [&hellip;]<\/p>\n","protected":false},"author":1,"featured_media":0,"parent":42,"menu_order":0,"comment_status":"closed","ping_status":"closed","template":"","meta":[],"yoast_head":"<!-- This site is optimized with the Yoast SEO plugin v20.10 - https:\/\/yoast.com\/wordpress\/plugins\/seo\/ -->\n<title>Mission Finance - Power BI KPI - indicateurs gestion<\/title>\n<meta name=\"description\" content=\"Power BI KPI : Gagnez en visibilit\u00e9 sur la marche de vos affaires avec les tableaux de bords synth\u00e9tiques et interactifs\" \/>\n<meta name=\"robots\" content=\"index, follow, max-snippet:-1, max-image-preview:large, max-video-preview:-1\" \/>\n<link rel=\"canonical\" href=\"https:\/\/www.missionfinance.fr\/index.php\/home\/powerbi-vannes\/power-bi-kpi\/\" \/>\n<meta property=\"og:locale\" content=\"fr_FR\" \/>\n<meta property=\"og:type\" content=\"article\" \/>\n<meta property=\"og:title\" content=\"Mission Finance - Power BI KPI - indicateurs gestion\" \/>\n<meta property=\"og:description\" content=\"Power BI KPI : Gagnez en visibilit\u00e9 sur la marche de vos affaires avec les tableaux de bords synth\u00e9tiques et interactifs\" \/>\n<meta property=\"og:url\" content=\"https:\/\/www.missionfinance.fr\/index.php\/home\/powerbi-vannes\/power-bi-kpi\/\" \/>\n<meta property=\"og:site_name\" content=\"Mission Finance\" \/>\n<meta property=\"article:modified_time\" content=\"2023-06-07T14:20:43+00:00\" \/>\n<meta property=\"og:image\" content=\"http:\/\/www.missionfinance.fr\/wp-content\/uploads\/2021\/06\/IndFin10.jpg\" \/>\n<meta name=\"twitter:card\" content=\"summary_large_image\" \/>\n<meta name=\"twitter:label1\" content=\"Dur\u00e9e de lecture estim\u00e9e\" \/>\n\t<meta name=\"twitter:data1\" content=\"6 minutes\" \/>\n<script type=\"application\/ld+json\" class=\"yoast-schema-graph\">{\"@context\":\"https:\/\/schema.org\",\"@graph\":[{\"@type\":\"WebPage\",\"@id\":\"https:\/\/www.missionfinance.fr\/index.php\/home\/powerbi-vannes\/power-bi-kpi\/\",\"url\":\"https:\/\/www.missionfinance.fr\/index.php\/home\/powerbi-vannes\/power-bi-kpi\/\",\"name\":\"Mission Finance - Power BI KPI - indicateurs gestion\",\"isPartOf\":{\"@id\":\"https:\/\/www.missionfinance.fr\/#website\"},\"datePublished\":\"2019-12-01T15:27:51+00:00\",\"dateModified\":\"2023-06-07T14:20:43+00:00\",\"description\":\"Power BI KPI : Gagnez en visibilit\u00e9 sur la marche de vos affaires avec les tableaux de bords synth\u00e9tiques et interactifs\",\"breadcrumb\":{\"@id\":\"https:\/\/www.missionfinance.fr\/index.php\/home\/powerbi-vannes\/power-bi-kpi\/#breadcrumb\"},\"inLanguage\":\"fr-FR\",\"potentialAction\":[{\"@type\":\"ReadAction\",\"target\":[\"https:\/\/www.missionfinance.fr\/index.php\/home\/powerbi-vannes\/power-bi-kpi\/\"]}]},{\"@type\":\"BreadcrumbList\",\"@id\":\"https:\/\/www.missionfinance.fr\/index.php\/home\/powerbi-vannes\/power-bi-kpi\/#breadcrumb\",\"itemListElement\":[{\"@type\":\"ListItem\",\"position\":1,\"name\":\"Accueil\",\"item\":\"https:\/\/www.missionfinance.fr\/\"},{\"@type\":\"ListItem\",\"position\":2,\"name\":\"Home\",\"item\":\"https:\/\/www.missionfinance.fr\/\"},{\"@type\":\"ListItem\",\"position\":3,\"name\":\"Services\",\"item\":\"https:\/\/www.missionfinance.fr\/index.php\/home\/powerbi-vannes\/\"},{\"@type\":\"ListItem\",\"position\":4,\"name\":\"Indicateurs Cl\u00e9 (KPI)\"}]},{\"@type\":\"WebSite\",\"@id\":\"https:\/\/www.missionfinance.fr\/#website\",\"url\":\"https:\/\/www.missionfinance.fr\/\",\"name\":\"Mission Finance\",\"description\":\"Avec Mission finance, r\u00e9alisez vos tableaux de bord avec POWER BI\",\"publisher\":{\"@id\":\"https:\/\/www.missionfinance.fr\/#organization\"},\"potentialAction\":[{\"@type\":\"SearchAction\",\"target\":{\"@type\":\"EntryPoint\",\"urlTemplate\":\"https:\/\/www.missionfinance.fr\/?s={search_term_string}\"},\"query-input\":\"required name=search_term_string\"}],\"inLanguage\":\"fr-FR\"},{\"@type\":\"Organization\",\"@id\":\"https:\/\/www.missionfinance.fr\/#organization\",\"name\":\"Mission Finance\",\"url\":\"https:\/\/www.missionfinance.fr\/\",\"logo\":{\"@type\":\"ImageObject\",\"inLanguage\":\"fr-FR\",\"@id\":\"https:\/\/www.missionfinance.fr\/#\/schema\/logo\/image\/\",\"url\":\"https:\/\/www.missionfinance.fr\/wp-content\/uploads\/2023\/05\/LogoMissionFinancePNG.png\",\"contentUrl\":\"https:\/\/www.missionfinance.fr\/wp-content\/uploads\/2023\/05\/LogoMissionFinancePNG.png\",\"width\":164,\"height\":76,\"caption\":\"Mission Finance\"},\"image\":{\"@id\":\"https:\/\/www.missionfinance.fr\/#\/schema\/logo\/image\/\"}}]}<\/script>\n<!-- \/ Yoast SEO plugin. -->","yoast_head_json":{"title":"Mission Finance - Power BI KPI - indicateurs gestion","description":"Power BI KPI : Gagnez en visibilit\u00e9 sur la marche de vos affaires avec les tableaux de bords synth\u00e9tiques et interactifs","robots":{"index":"index","follow":"follow","max-snippet":"max-snippet:-1","max-image-preview":"max-image-preview:large","max-video-preview":"max-video-preview:-1"},"canonical":"https:\/\/www.missionfinance.fr\/index.php\/home\/powerbi-vannes\/power-bi-kpi\/","og_locale":"fr_FR","og_type":"article","og_title":"Mission Finance - Power BI KPI - indicateurs gestion","og_description":"Power BI KPI : Gagnez en visibilit\u00e9 sur la marche de vos affaires avec les tableaux de bords synth\u00e9tiques et interactifs","og_url":"https:\/\/www.missionfinance.fr\/index.php\/home\/powerbi-vannes\/power-bi-kpi\/","og_site_name":"Mission Finance","article_modified_time":"2023-06-07T14:20:43+00:00","og_image":[{"url":"http:\/\/www.missionfinance.fr\/wp-content\/uploads\/2021\/06\/IndFin10.jpg"}],"twitter_card":"summary_large_image","twitter_misc":{"Dur\u00e9e de lecture estim\u00e9e":"6 minutes"},"schema":{"@context":"https:\/\/schema.org","@graph":[{"@type":"WebPage","@id":"https:\/\/www.missionfinance.fr\/index.php\/home\/powerbi-vannes\/power-bi-kpi\/","url":"https:\/\/www.missionfinance.fr\/index.php\/home\/powerbi-vannes\/power-bi-kpi\/","name":"Mission Finance - Power BI KPI - indicateurs gestion","isPartOf":{"@id":"https:\/\/www.missionfinance.fr\/#website"},"datePublished":"2019-12-01T15:27:51+00:00","dateModified":"2023-06-07T14:20:43+00:00","description":"Power BI KPI : Gagnez en visibilit\u00e9 sur la marche de vos affaires avec les tableaux de bords synth\u00e9tiques et interactifs","breadcrumb":{"@id":"https:\/\/www.missionfinance.fr\/index.php\/home\/powerbi-vannes\/power-bi-kpi\/#breadcrumb"},"inLanguage":"fr-FR","potentialAction":[{"@type":"ReadAction","target":["https:\/\/www.missionfinance.fr\/index.php\/home\/powerbi-vannes\/power-bi-kpi\/"]}]},{"@type":"BreadcrumbList","@id":"https:\/\/www.missionfinance.fr\/index.php\/home\/powerbi-vannes\/power-bi-kpi\/#breadcrumb","itemListElement":[{"@type":"ListItem","position":1,"name":"Accueil","item":"https:\/\/www.missionfinance.fr\/"},{"@type":"ListItem","position":2,"name":"Home","item":"https:\/\/www.missionfinance.fr\/"},{"@type":"ListItem","position":3,"name":"Services","item":"https:\/\/www.missionfinance.fr\/index.php\/home\/powerbi-vannes\/"},{"@type":"ListItem","position":4,"name":"Indicateurs Cl\u00e9 (KPI)"}]},{"@type":"WebSite","@id":"https:\/\/www.missionfinance.fr\/#website","url":"https:\/\/www.missionfinance.fr\/","name":"Mission Finance","description":"Avec Mission finance, r\u00e9alisez vos tableaux de bord avec POWER BI","publisher":{"@id":"https:\/\/www.missionfinance.fr\/#organization"},"potentialAction":[{"@type":"SearchAction","target":{"@type":"EntryPoint","urlTemplate":"https:\/\/www.missionfinance.fr\/?s={search_term_string}"},"query-input":"required name=search_term_string"}],"inLanguage":"fr-FR"},{"@type":"Organization","@id":"https:\/\/www.missionfinance.fr\/#organization","name":"Mission Finance","url":"https:\/\/www.missionfinance.fr\/","logo":{"@type":"ImageObject","inLanguage":"fr-FR","@id":"https:\/\/www.missionfinance.fr\/#\/schema\/logo\/image\/","url":"https:\/\/www.missionfinance.fr\/wp-content\/uploads\/2023\/05\/LogoMissionFinancePNG.png","contentUrl":"https:\/\/www.missionfinance.fr\/wp-content\/uploads\/2023\/05\/LogoMissionFinancePNG.png","width":164,"height":76,"caption":"Mission Finance"},"image":{"@id":"https:\/\/www.missionfinance.fr\/#\/schema\/logo\/image\/"}}]}},"_links":{"self":[{"href":"https:\/\/www.missionfinance.fr\/index.php\/wp-json\/wp\/v2\/pages\/137"}],"collection":[{"href":"https:\/\/www.missionfinance.fr\/index.php\/wp-json\/wp\/v2\/pages"}],"about":[{"href":"https:\/\/www.missionfinance.fr\/index.php\/wp-json\/wp\/v2\/types\/page"}],"author":[{"embeddable":true,"href":"https:\/\/www.missionfinance.fr\/index.php\/wp-json\/wp\/v2\/users\/1"}],"replies":[{"embeddable":true,"href":"https:\/\/www.missionfinance.fr\/index.php\/wp-json\/wp\/v2\/comments?post=137"}],"version-history":[{"count":104,"href":"https:\/\/www.missionfinance.fr\/index.php\/wp-json\/wp\/v2\/pages\/137\/revisions"}],"predecessor-version":[{"id":1909,"href":"https:\/\/www.missionfinance.fr\/index.php\/wp-json\/wp\/v2\/pages\/137\/revisions\/1909"}],"up":[{"embeddable":true,"href":"https:\/\/www.missionfinance.fr\/index.php\/wp-json\/wp\/v2\/pages\/42"}],"wp:attachment":[{"href":"https:\/\/www.missionfinance.fr\/index.php\/wp-json\/wp\/v2\/media?parent=137"}],"curies":[{"name":"wp","href":"https:\/\/api.w.org\/{rel}","templated":true}]}}